{"id":1825,"date":"2025-04-16T17:40:07","date_gmt":"2025-04-16T15:40:07","guid":{"rendered":"https:\/\/www.hotel-phenix-lyon.fr\/les-chambres-en\/"},"modified":"2025-07-25T10:58:24","modified_gmt":"2025-07-25T08:58:24","slug":"rooms-4-star-hotel-vieux-lyon","status":"publish","type":"page","link":"https:\/\/www.hotel-phenix-lyon.fr\/en\/rooms-4-star-hotel-vieux-lyon\/","title":{"rendered":"The rooms"},"content":{"rendered":"\n<section class=\"heading wp-elements-b54744a68a7b4346790e334355819916 wp-elements-b54744a68a7b4346790e334355819916 wp-block-acf-heading has-text-color has-primary-color has-background has-white-100-background-color\">\n\t<div class=\"heading__container\">\n\t\t\t\t\t<div class=\"heading__background-picture\">\n\t\t\t\t<img decoding=\"async\" width=\"1620\" height=\"1080\" src=\"https:\/\/www.hotel-phenix-lyon.fr\/wp-content\/uploads\/sites\/5\/2025\/05\/chambre-hotel-vieux-lyon.jpg\" class=\"attachment-full size-full\" alt=\"chambre hotel vieux lyon\" fetchpriority=\"high\" srcset=\"https:\/\/www.hotel-phenix-lyon.fr\/wp-content\/uploads\/sites\/5\/2025\/05\/chambre-hotel-vieux-lyon.jpg 1620w, https:\/\/www.hotel-phenix-lyon.fr\/wp-content\/uploads\/sites\/5\/2025\/05\/chambre-hotel-vieux-lyon-600x400.jpg 600w, https:\/\/www.hotel-phenix-lyon.fr\/wp-content\/uploads\/sites\/5\/2025\/05\/chambre-hotel-vieux-lyon-1400x933.jpg 1400w, https:\/\/www.hotel-phenix-lyon.fr\/wp-content\/uploads\/sites\/5\/2025\/05\/chambre-hotel-vieux-lyon-768x512.jpg 768w, https:\/\/www.hotel-phenix-lyon.fr\/wp-content\/uploads\/sites\/5\/2025\/05\/chambre-hotel-vieux-lyon-1536x1024.jpg 1536w\" sizes=\"(max-width: 1620px) 100vw, 1620px\" \/>\t\t\t<\/div>\n\t\t\t\t<div class=\"heading__layout\">\n\t\t\t<div class=\"heading__content-wrapper has-white-100-background-color\">\n\t\t\t\t<div class=\"heading__content has-white-100-background-color\">\n\t\t\t\t\t\t\t\t\t<p id=\"breadcrumbs\"><span><span><a href=\"https:\/\/www.hotel-phenix-lyon.fr\/en\/home\/\">Home<\/a><\/span><\/span><\/p>\t\t\t\t\t\t\t\t\t<div class=\"acf-innerblocks-container\">\n\n<div class=\"wp-block-group heading-content-group is-layout-grid wp-container-core-group-is-layout-96b258e4 wp-block-group-is-layout-grid\">\n<h1 class=\"wp-block-heading has-text-align-left heading__title has-primary-color has-text-color has-xx-large-font-size\">Your hotel room in the heart of Vieux Lyon<\/h1>\n<\/div>\n\n<\/div>\n\t\t\t\t<\/div>\n\t\t\t\t\t\t\t\t<div class=\"heading__illustration illustration-with-parallax desktop-only\">\n\t\t\t\t\t<img decoding=\"async\" width=\"350\" height=\"350\" src=\"https:\/\/www.hotel-phenix-lyon.fr\/wp-content\/uploads\/sites\/5\/2025\/04\/GLOBE-statique.png\" class=\"attachment-full size-full\" alt=\"GLOBE statique\" fetchpriority=\"high\" srcset=\"https:\/\/www.hotel-phenix-lyon.fr\/wp-content\/uploads\/sites\/5\/2025\/04\/GLOBE-statique.png 350w, https:\/\/www.hotel-phenix-lyon.fr\/wp-content\/uploads\/sites\/5\/2025\/04\/GLOBE-statique-300x300.png 300w\" sizes=\"(max-width: 350px) 100vw, 350px\" \/>\t\t\t\t<\/div>\n\t\t\t\t\t\t\t<\/div>\n\t\t<\/div>\n\t<\/div>\n<\/section>\n\n\n\t<section\n\t\tstyle=\"padding-top:var(--wp--preset--spacing--theme-default);padding-bottom:var(--wp--preset--spacing--theme-default);\" class=\"block-container align wp-block-acf-block-container has-background has-white-background-color has-global-padding is-layout-constrained wp-block-acf-block-container-is-layout-constrained\"\t>\n\n\t\n\n<div class=\"wp-block-group is-layout-flow wp-block-group-is-layout-flow\">\n<h3 class=\"wp-block-heading has-text-align-left\">Are you looking for an hotel in Lyon Saint-Paul?  <\/h3>\n\n\n\n<p class=\"has-text-align-left has-large-font-size\">A 4-star address just a stone&#8217;s throw from Fourvi\u00e8re? You&#8217;ve come to the right place. <\/p>\n\n\n\n<p>Welcome to one of the 35 rooms at H\u00f4tel Ph\u00e9nix.<\/p>\n\n\n\n<p>Located on the banks of the Sa\u00f4ne, our rooms combine modern comfort with classic touches and a hushed ambience.  <\/p>\n\n\n\n<p>Perfect for a romantic getaway, a weekend of exploration, or a quiet business break.<\/p>\n<\/div>\n\n\n\n<\/section>\n\n\t<section\n\t\tstyle=\"padding-top:var(--wp--preset--spacing--theme-default);padding-bottom:var(--wp--preset--spacing--theme-default);\" class=\"block-container align wp-block-acf-block-container has-background has-white-100-background-color has-global-padding is-layout-constrained wp-container-acf-block-container-is-layout-89fc666d wp-block-acf-block-container-is-layout-constrained\"\t>\n\n\t\n\n<h3 class=\"wp-block-heading has-text-align-center\">Practical servicesAre you coming as a couple? With friends? With work? On your own? You don&#8217;t like blue? On a tight budget?     <\/h3>\n\n\n\n<\/section>\n\n\t<section\n\t\tstyle=\"padding-top:var(--wp--preset--spacing--theme-default);padding-bottom:var(--wp--preset--spacing--theme-default);\" class=\"block-container align wp-block-acf-block-container has-background has-white-background-color has-global-padding is-layout-constrained wp-container-acf-block-container-is-layout-89fc666d wp-block-acf-block-container-is-layout-constrained\"\t>\n\n\t\n\n<div class=\"wp-block-group has-global-padding is-layout-constrained wp-block-group-is-layout-constrained\">\n<h2 class=\"wp-block-heading has-text-align-center\">The room you <mark class=\"has-inline-color has-secondary-color\">need<\/mark>!<\/h2>\n\n\n\n<p class=\"has-text-align-center has-large-font-size\">Some offer a magical view of the Sa\u00f4ne, others a more intimate atmosphere, ideal for disconnecting.<\/p>\n<\/div>\n\n\n\n<div\n\tclass=\"card-grid alignwide wp-block-acf-grid\" id=\"card-grid-id-1\"\t>\n\t\n\t\t<div class=\"card-grid__innerblocks\">\n\t\t\t<div\n\t\tclass=\"card wp-block-acf-card\" id=\"card-id--1\"\t\t>\n\t\n\t\t\t<a href=\"https:\/\/www.hotel-phenix-lyon.fr\/chambres-hotel-4-etoiles-vieux-lyon\/solo\/\" class=\"card__link\"><\/a>\n\t\t<p class=\"card__excerpt\">Dans<br \/>\r\nma bulle !<\/p>\n\t\t<div class=\"card__title\">\n\t\t\t\t\t\t<span>Room<\/span>\n\t\t\t\t\t\t<p>Solo<\/p>\n\t\t<\/div>\n\t\t\t\t<img loading=\"lazy\" decoding=\"async\" width=\"720\" height=\"1080\" src=\"https:\/\/www.hotel-phenix-lyon.fr\/wp-content\/uploads\/sites\/5\/2025\/03\/chambre-solo-hotel-vieux-lyon.jpg\" class=\"card__image wp-post-image\" alt=\"chambre solo hotel vieux lyon\" srcset=\"https:\/\/www.hotel-phenix-lyon.fr\/wp-content\/uploads\/sites\/5\/2025\/03\/chambre-solo-hotel-vieux-lyon.jpg 720w, https:\/\/www.hotel-phenix-lyon.fr\/wp-content\/uploads\/sites\/5\/2025\/03\/chambre-solo-hotel-vieux-lyon-400x600.jpg 400w\" sizes=\"auto, (max-width: 720px) 100vw, 720px\" \/>\t\t\t\n\t\t<\/div>\n\t\n\n\t\t\t<div\n\t\tclass=\"card wp-block-acf-card\" id=\"card-id--2\"\t\t>\n\t\n\t\t\t<a href=\"https:\/\/www.hotel-phenix-lyon.fr\/chambres-hotel-4-etoiles-vieux-lyon\/classique\/\" class=\"card__link\"><\/a>\n\t\t<p class=\"card__excerpt\">Mais pas<br \/>\r\nordinaire !<\/p>\n\t\t<div class=\"card__title\">\n\t\t\t\t\t\t<span>Room<\/span>\n\t\t\t\t\t\t<p>Classique<\/p>\n\t\t<\/div>\n\t\t\t\t<img loading=\"lazy\" decoding=\"async\" width=\"720\" height=\"1080\" src=\"https:\/\/www.hotel-phenix-lyon.fr\/wp-content\/uploads\/sites\/5\/2025\/03\/chambre-classique-hotel-vieux-lyon1.jpg\" class=\"card__image wp-post-image\" alt=\"chambre classique hotel vieux lyon1\" srcset=\"https:\/\/www.hotel-phenix-lyon.fr\/wp-content\/uploads\/sites\/5\/2025\/03\/chambre-classique-hotel-vieux-lyon1.jpg 720w, https:\/\/www.hotel-phenix-lyon.fr\/wp-content\/uploads\/sites\/5\/2025\/03\/chambre-classique-hotel-vieux-lyon1-400x600.jpg 400w\" sizes=\"auto, (max-width: 720px) 100vw, 720px\" \/>\t\t\t\n\t\t<\/div>\n\t\n\n\t\t\t<div\n\t\tclass=\"card wp-block-acf-card\" id=\"card-id--3\"\t\t>\n\t\n\t\t\t<a href=\"https:\/\/www.hotel-phenix-lyon.fr\/chambres-hotel-4-etoiles-vieux-lyon\/superieure\/\" class=\"card__link\"><\/a>\n\t\t<p class=\"card__excerpt\">Dormir<br \/>\r\nen \u00e9toile !<\/p>\n\t\t<div class=\"card__title\">\n\t\t\t\t\t\t<span>Room<\/span>\n\t\t\t\t\t\t<p>Sup\u00e9rieure<\/p>\n\t\t<\/div>\n\t\t\t\t<img loading=\"lazy\" decoding=\"async\" width=\"720\" height=\"1080\" src=\"https:\/\/www.hotel-phenix-lyon.fr\/wp-content\/uploads\/sites\/5\/2025\/03\/chambre-superieure-hotel-vieux-lyon.jpg\" class=\"card__image wp-post-image\" alt=\"chambre superieure hotel vieux lyon\" srcset=\"https:\/\/www.hotel-phenix-lyon.fr\/wp-content\/uploads\/sites\/5\/2025\/03\/chambre-superieure-hotel-vieux-lyon.jpg 720w, https:\/\/www.hotel-phenix-lyon.fr\/wp-content\/uploads\/sites\/5\/2025\/03\/chambre-superieure-hotel-vieux-lyon-400x600.jpg 400w\" sizes=\"auto, (max-width: 720px) 100vw, 720px\" \/>\t\t\t\n\t\t<\/div>\n\t\n\n\t\t\t<div\n\t\tclass=\"card wp-block-acf-card\" id=\"card-id--4\"\t\t>\n\t\n\t\t\t<a href=\"https:\/\/www.hotel-phenix-lyon.fr\/chambres-hotel-4-etoiles-vieux-lyon\/triple\/\" class=\"card__link\"><\/a>\n\t\t<p class=\"card__excerpt\">Petite<br \/>\r\ntribu !<\/p>\n\t\t<div class=\"card__title\">\n\t\t\t\t\t\t<span>Room<\/span>\n\t\t\t\t\t\t<p>Triple<\/p>\n\t\t<\/div>\n\t\t\t\t<img loading=\"lazy\" decoding=\"async\" width=\"720\" height=\"1080\" src=\"https:\/\/www.hotel-phenix-lyon.fr\/wp-content\/uploads\/sites\/5\/2025\/03\/chambre-superieure-hotel-vieux-lyon50.jpg\" class=\"card__image wp-post-image\" alt=\"chambre superieure hotel vieux lyon50\" srcset=\"https:\/\/www.hotel-phenix-lyon.fr\/wp-content\/uploads\/sites\/5\/2025\/03\/chambre-superieure-hotel-vieux-lyon50.jpg 720w, https:\/\/www.hotel-phenix-lyon.fr\/wp-content\/uploads\/sites\/5\/2025\/03\/chambre-superieure-hotel-vieux-lyon50-400x600.jpg 400w\" sizes=\"auto, (max-width: 720px) 100vw, 720px\" \/>\t\t\t\n\t\t<\/div>\n\t\n\n\t\t\t<div\n\t\tclass=\"card wp-block-acf-card\" id=\"card-id--5\"\t\t>\n\t\n\t\t\t<a href=\"https:\/\/www.hotel-phenix-lyon.fr\/chambres-hotel-4-etoiles-vieux-lyon\/quadruple\/\" class=\"card__link\"><\/a>\n\t\t<p class=\"card__excerpt\">Grande<br \/>\r\ntribu !<\/p>\n\t\t<div class=\"card__title\">\n\t\t\t\t\t\t<span>Room<\/span>\n\t\t\t\t\t\t<p>Quadruple\u00a0<\/p>\n\t\t<\/div>\n\t\t\t\t<img loading=\"lazy\" decoding=\"async\" width=\"720\" height=\"1080\" src=\"https:\/\/www.hotel-phenix-lyon.fr\/wp-content\/uploads\/sites\/5\/2025\/03\/hotel-famille-lyon_05.jpg\" class=\"card__image wp-post-image\" alt=\"hotel famille lyon 05\" srcset=\"https:\/\/www.hotel-phenix-lyon.fr\/wp-content\/uploads\/sites\/5\/2025\/03\/hotel-famille-lyon_05.jpg 720w, https:\/\/www.hotel-phenix-lyon.fr\/wp-content\/uploads\/sites\/5\/2025\/03\/hotel-famille-lyon_05-400x600.jpg 400w\" sizes=\"auto, (max-width: 720px) 100vw, 720px\" \/>\t\t\t\n\t\t<\/div>\n\t\n\n\t\t\t<div\n\t\tclass=\"card wp-block-acf-card\" id=\"card-id--6\"\t\t>\n\t\n\t\t\t<a href=\"https:\/\/www.hotel-phenix-lyon.fr\/chambres-hotel-4-etoiles-vieux-lyon\/privilege\/\" class=\"card__link\"><\/a>\n\t\t<p class=\"card__excerpt\">Comme \u00e0<br \/>\r\nla maison !<\/p>\n\t\t<div class=\"card__title\">\n\t\t\t\t\t\t<span>Room<\/span>\n\t\t\t\t\t\t<p>Privil\u00e8ge<\/p>\n\t\t<\/div>\n\t\t\t\t<img loading=\"lazy\" decoding=\"async\" width=\"1400\" height=\"933\" src=\"https:\/\/www.hotel-phenix-lyon.fr\/wp-content\/uploads\/sites\/5\/2025\/03\/chambre-privilege-hotel-vieux-lyon2-1400x933.jpg\" class=\"card__image wp-post-image\" alt=\"chambre privile\u0300ge hotel vieux lyon2\" srcset=\"https:\/\/www.hotel-phenix-lyon.fr\/wp-content\/uploads\/sites\/5\/2025\/03\/chambre-privilege-hotel-vieux-lyon2-1400x933.jpg 1400w, https:\/\/www.hotel-phenix-lyon.fr\/wp-content\/uploads\/sites\/5\/2025\/03\/chambre-privilege-hotel-vieux-lyon2-600x400.jpg 600w, https:\/\/www.hotel-phenix-lyon.fr\/wp-content\/uploads\/sites\/5\/2025\/03\/chambre-privilege-hotel-vieux-lyon2-768x512.jpg 768w, https:\/\/www.hotel-phenix-lyon.fr\/wp-content\/uploads\/sites\/5\/2025\/03\/chambre-privilege-hotel-vieux-lyon2-1536x1024.jpg 1536w, https:\/\/www.hotel-phenix-lyon.fr\/wp-content\/uploads\/sites\/5\/2025\/03\/chambre-privilege-hotel-vieux-lyon2.jpg 1620w\" sizes=\"auto, (max-width: 1400px) 100vw, 1400px\" \/>\t\t\t\n\t\t<\/div>\n\t\n<\/div>\n\n\t<\/div>\n\n\n\n<\/section>\n\n\t<section\n\t\tstyle=\"padding-top:var(--wp--preset--spacing--theme-default);padding-bottom:var(--wp--preset--spacing--theme-default);\" class=\"block-container align wp-block-acf-block-container has-background has-white-100-background-color has-global-padding is-layout-constrained wp-container-acf-block-container-is-layout-d3fafd11 wp-block-acf-block-container-is-layout-constrained\"\t>\n\n\t\n\n<div class=\"wp-block-group is-layout-flow wp-block-group-is-layout-flow\">\n<figure class=\"wp-block-image aligncenter size-medium is-resized\"><img loading=\"lazy\" decoding=\"async\" width=\"300\" height=\"300\" src=\"https:\/\/www.hotel-phenix-lyon.fr\/wp-content\/uploads\/sites\/5\/2025\/04\/PLATEAU-300x300.jpg\" alt=\"\" class=\"wp-image-2578\" style=\"width:230px;height:auto\" srcset=\"https:\/\/www.hotel-phenix-lyon.fr\/wp-content\/uploads\/sites\/5\/2025\/04\/PLATEAU-300x300.jpg 300w, https:\/\/www.hotel-phenix-lyon.fr\/wp-content\/uploads\/sites\/5\/2025\/04\/PLATEAU-150x150.jpg 150w, https:\/\/www.hotel-phenix-lyon.fr\/wp-content\/uploads\/sites\/5\/2025\/04\/PLATEAU.jpg 350w\" sizes=\"auto, (max-width: 300px) 100vw, 300px\" \/><\/figure>\n\n\n\n<h2 class=\"wp-block-heading has-text-align-center\">4-star <mark class=\"has-inline-color has-secondary-color\">facilities<\/mark><\/h2>\n\n\n\n<p class=\"has-text-align-center has-large-font-size\">The Aubergistes Lyonnais at your service!<\/p>\n\n\n\n<section id=\"\" class=\"align wp-block-acf-faq\">\n\t\n\t\t<div class=\"faq\">\n\t\t\t\t<div class=\"faq__item\">\n\t\t\t<div class=\"faq__question\" data-index=\"0\">\n\t\t\t\t<span class=\"faq__question-text faq__question-font-title\">In the bedroom<\/span>\n\t\t\t<\/div>\n\t\t\t<div class=\"faq__answer\">\n\t\t\t\t<ul>\n<li>WI-FI in room<\/li>\n<li>Safe<\/li>\n<li>Individual air-conditioning\/heating<\/li>\n<li>Hair dryer<\/li>\n<li>Flat screen TV<\/li>\n<\/ul>\n\t\t\t<\/div>\n\t\t\t<svg class=\"faq__toggle-icon\" xmlns=\"http:\/\/www.w3.org\/2000\/svg\" width=\"16\" height=\"10\" viewBox=\"0 0 16 10\"\n\t\t\t\tfill=\"none\">\n\t\t\t\t<path d=\"M15 1L8 8L1 0.999999\" stroke=\"#3C3B3A\" stroke-width=\"2\" \/>\n\t\t\t<\/svg>\n\t\t<\/div>\n\t\t\t\t<div class=\"faq__item\">\n\t\t\t<div class=\"faq__question\" data-index=\"1\">\n\t\t\t\t<span class=\"faq__question-text faq__question-font-title\">On request<\/span>\n\t\t\t<\/div>\n\t\t\t<div class=\"faq__answer\">\n\t\t\t\t<ul>\n<li>Hospitality products (free)<\/li>\n<li>Ironing kit (free)<\/li>\n<li>Adapters (free)<\/li>\n<li>Still or sparkling micro-filtered water (free)<\/li>\n<li>Cot (\u20ac15\/day)<\/li>\n<\/ul>\n\t\t\t<\/div>\n\t\t\t<svg class=\"faq__toggle-icon\" xmlns=\"http:\/\/www.w3.org\/2000\/svg\" width=\"16\" height=\"10\" viewBox=\"0 0 16 10\"\n\t\t\t\tfill=\"none\">\n\t\t\t\t<path d=\"M15 1L8 8L1 0.999999\" stroke=\"#3C3B3A\" stroke-width=\"2\" \/>\n\t\t\t<\/svg>\n\t\t<\/div>\n\t\t\t<\/div>\n\t\t<\/section>\n<\/div>\n\n\n\n<p>All our rooms are \u201cnon-smoking\u201d, any infringement will be punished by a \u20ac150 fine.<\/p>\n\n\n\n<\/section>\n\n\t<section\n\t\tstyle=\"padding-top:var(--wp--preset--spacing--theme-default);padding-bottom:var(--wp--preset--spacing--theme-default);\" class=\"block-container align wp-block-acf-block-container has-background has-white-background-color has-global-padding is-layout-constrained wp-block-acf-block-container-is-layout-constrained\"\t>\n\n\t\n\n<div class=\"wp-block-group is-layout-flow wp-block-group-is-layout-flow\">\n<h3 class=\"wp-block-heading has-text-align-left\">For people with disabilities<\/h3>\n\n\n\n<p>People with disabilities are welcome at the Ph\u00e9nix H\u00f4tel, and our staff are sensitive to their needs. Each floor is served by an elevator that can accommodate a wheelchair, service at reception is provided by an adapted reception desk, and guide dogs are allowed at no extra charge. For overnight stays, two rooms have been specially designed for disabled guests. More space for access to the bed, bathroom and toilet.   <\/p>\n<\/div>\n\n\n\n<\/section>\n","protected":false},"excerpt":{"rendered":"","protected":false},"author":1,"featured_media":0,"parent":0,"menu_order":0,"comment_status":"closed","ping_status":"closed","template":"","meta":{"_acf_changed":false,"inline_featured_image":false,"footnotes":""},"class_list":["post-1825","page","type-page","status-publish","hentry"],"acf":[],"yoast_head":"<!-- This site is optimized with the Yoast SEO plugin v27.4 - https:\/\/yoast.com\/product\/yoast-seo-wordpress\/ -->\n<title>Rooms 4 star hotel Vieux Lyon, Saint Jean - Fourvi\u00e8re<\/title>\n<meta name=\"description\" content=\"Elegant, comfortable rooms in our 4-star hotel in Saint Jean, near Fourvi\u00e8re. An authentic Lyon experience.\" \/>\n<meta name=\"robots\" content=\"index, follow, max-snippet:-1, max-image-preview:large, max-video-preview:-1\" \/>\n<link rel=\"canonical\" href=\"https:\/\/www.hotel-phenix-lyon.fr\/en\/rooms-4-star-hotel-vieux-lyon\/\" \/>\n<meta property=\"og:locale\" content=\"en_US\" \/>\n<meta property=\"og:type\" content=\"article\" \/>\n<meta property=\"og:title\" content=\"Rooms 4 star hotel Vieux Lyon, Saint Jean - Fourvi\u00e8re\" \/>\n<meta property=\"og:description\" content=\"Elegant, comfortable rooms in our 4-star hotel in Saint Jean, near Fourvi\u00e8re. An authentic Lyon experience.\" \/>\n<meta property=\"og:url\" content=\"https:\/\/www.hotel-phenix-lyon.fr\/en\/rooms-4-star-hotel-vieux-lyon\/\" \/>\n<meta property=\"og:site_name\" content=\"H\u00f4tel Phenix\" \/>\n<meta property=\"article:modified_time\" content=\"2025-07-25T08:58:24+00:00\" \/>\n<meta property=\"og:image\" content=\"https:\/\/www.hotel-phenix-lyon.fr\/wp-content\/uploads\/sites\/5\/2025\/04\/PLATEAU-300x300.jpg\" \/>\n<meta name=\"twitter:card\" content=\"summary_large_image\" \/>\n<meta name=\"twitter:label1\" content=\"Est. reading time\" \/>\n\t<meta name=\"twitter:data1\" content=\"2 minutes\" \/>\n<script type=\"application\/ld+json\" class=\"yoast-schema-graph\">{\"@context\":\"https:\\\/\\\/schema.org\",\"@graph\":[{\"@type\":\"WebPage\",\"@id\":\"https:\\\/\\\/www.hotel-phenix-lyon.fr\\\/en\\\/rooms-4-star-hotel-vieux-lyon\\\/\",\"url\":\"https:\\\/\\\/www.hotel-phenix-lyon.fr\\\/en\\\/rooms-4-star-hotel-vieux-lyon\\\/\",\"name\":\"Rooms 4 star hotel Vieux Lyon, Saint Jean - Fourvi\u00e8re\",\"isPartOf\":{\"@id\":\"https:\\\/\\\/www.hotel-phenix-lyon.fr\\\/en\\\/#website\"},\"primaryImageOfPage\":{\"@id\":\"https:\\\/\\\/www.hotel-phenix-lyon.fr\\\/en\\\/rooms-4-star-hotel-vieux-lyon\\\/#primaryimage\"},\"image\":{\"@id\":\"https:\\\/\\\/www.hotel-phenix-lyon.fr\\\/en\\\/rooms-4-star-hotel-vieux-lyon\\\/#primaryimage\"},\"thumbnailUrl\":\"https:\\\/\\\/www.hotel-phenix-lyon.fr\\\/wp-content\\\/uploads\\\/sites\\\/5\\\/2025\\\/04\\\/PLATEAU-300x300.jpg\",\"datePublished\":\"2025-04-16T15:40:07+00:00\",\"dateModified\":\"2025-07-25T08:58:24+00:00\",\"description\":\"Elegant, comfortable rooms in our 4-star hotel in Saint Jean, near Fourvi\u00e8re. An authentic Lyon experience.\",\"breadcrumb\":{\"@id\":\"https:\\\/\\\/www.hotel-phenix-lyon.fr\\\/en\\\/rooms-4-star-hotel-vieux-lyon\\\/#breadcrumb\"},\"inLanguage\":\"en-US\",\"potentialAction\":[{\"@type\":\"ReadAction\",\"target\":[\"https:\\\/\\\/www.hotel-phenix-lyon.fr\\\/en\\\/rooms-4-star-hotel-vieux-lyon\\\/\"]}]},{\"@type\":\"ImageObject\",\"inLanguage\":\"en-US\",\"@id\":\"https:\\\/\\\/www.hotel-phenix-lyon.fr\\\/en\\\/rooms-4-star-hotel-vieux-lyon\\\/#primaryimage\",\"url\":\"https:\\\/\\\/www.hotel-phenix-lyon.fr\\\/wp-content\\\/uploads\\\/sites\\\/5\\\/2025\\\/04\\\/PLATEAU-300x300.jpg\",\"contentUrl\":\"https:\\\/\\\/www.hotel-phenix-lyon.fr\\\/wp-content\\\/uploads\\\/sites\\\/5\\\/2025\\\/04\\\/PLATEAU-300x300.jpg\"},{\"@type\":\"BreadcrumbList\",\"@id\":\"https:\\\/\\\/www.hotel-phenix-lyon.fr\\\/en\\\/rooms-4-star-hotel-vieux-lyon\\\/#breadcrumb\",\"itemListElement\":[{\"@type\":\"ListItem\",\"position\":1,\"name\":\"Home\",\"item\":\"https:\\\/\\\/www.hotel-phenix-lyon.fr\\\/en\\\/home\\\/\"},{\"@type\":\"ListItem\",\"position\":2,\"name\":\"The rooms\"}]},{\"@type\":\"WebSite\",\"@id\":\"https:\\\/\\\/www.hotel-phenix-lyon.fr\\\/en\\\/#website\",\"url\":\"https:\\\/\\\/www.hotel-phenix-lyon.fr\\\/en\\\/\",\"name\":\"Globe Cecil\",\"description\":\"H\u00f4tel 4 \u00e9toiles \u00e0 Lyon\",\"publisher\":{\"@id\":\"https:\\\/\\\/www.hotel-phenix-lyon.fr\\\/en\\\/#organization\"},\"potentialAction\":[{\"@type\":\"SearchAction\",\"target\":{\"@type\":\"EntryPoint\",\"urlTemplate\":\"https:\\\/\\\/www.hotel-phenix-lyon.fr\\\/en\\\/?s={search_term_string}\"},\"query-input\":{\"@type\":\"PropertyValueSpecification\",\"valueRequired\":true,\"valueName\":\"search_term_string\"}}],\"inLanguage\":\"en-US\"},{\"@type\":\"Organization\",\"@id\":\"https:\\\/\\\/www.hotel-phenix-lyon.fr\\\/en\\\/#organization\",\"name\":\"Globe Cecil\",\"url\":\"https:\\\/\\\/www.hotel-phenix-lyon.fr\\\/en\\\/\",\"logo\":{\"@type\":\"ImageObject\",\"inLanguage\":\"en-US\",\"@id\":\"https:\\\/\\\/www.hotel-phenix-lyon.fr\\\/en\\\/#\\\/schema\\\/logo\\\/image\\\/\",\"url\":\"https:\\\/\\\/www.hotel-phenix-lyon.fr\\\/wp-content\\\/uploads\\\/sites\\\/5\\\/2025\\\/05\\\/LOGO-Phenix-White.svg\",\"contentUrl\":\"https:\\\/\\\/www.hotel-phenix-lyon.fr\\\/wp-content\\\/uploads\\\/sites\\\/5\\\/2025\\\/05\\\/LOGO-Phenix-White.svg\",\"width\":356,\"height\":66,\"caption\":\"Globe Cecil\"},\"image\":{\"@id\":\"https:\\\/\\\/www.hotel-phenix-lyon.fr\\\/en\\\/#\\\/schema\\\/logo\\\/image\\\/\"}}]}<\/script>\n<!-- \/ Yoast SEO plugin. -->","yoast_head_json":{"title":"Rooms 4 star hotel Vieux Lyon, Saint Jean - Fourvi\u00e8re","description":"Elegant, comfortable rooms in our 4-star hotel in Saint Jean, near Fourvi\u00e8re. An authentic Lyon experience.","robots":{"index":"index","follow":"follow","max-snippet":"max-snippet:-1","max-image-preview":"max-image-preview:large","max-video-preview":"max-video-preview:-1"},"canonical":"https:\/\/www.hotel-phenix-lyon.fr\/en\/rooms-4-star-hotel-vieux-lyon\/","og_locale":"en_US","og_type":"article","og_title":"Rooms 4 star hotel Vieux Lyon, Saint Jean - Fourvi\u00e8re","og_description":"Elegant, comfortable rooms in our 4-star hotel in Saint Jean, near Fourvi\u00e8re. An authentic Lyon experience.","og_url":"https:\/\/www.hotel-phenix-lyon.fr\/en\/rooms-4-star-hotel-vieux-lyon\/","og_site_name":"H\u00f4tel Phenix","article_modified_time":"2025-07-25T08:58:24+00:00","og_image":[{"url":"https:\/\/www.hotel-phenix-lyon.fr\/wp-content\/uploads\/sites\/5\/2025\/04\/PLATEAU-300x300.jpg","type":"","width":"","height":""}],"twitter_card":"summary_large_image","twitter_misc":{"Est. reading time":"2 minutes"},"schema":{"@context":"https:\/\/schema.org","@graph":[{"@type":"WebPage","@id":"https:\/\/www.hotel-phenix-lyon.fr\/en\/rooms-4-star-hotel-vieux-lyon\/","url":"https:\/\/www.hotel-phenix-lyon.fr\/en\/rooms-4-star-hotel-vieux-lyon\/","name":"Rooms 4 star hotel Vieux Lyon, Saint Jean - Fourvi\u00e8re","isPartOf":{"@id":"https:\/\/www.hotel-phenix-lyon.fr\/en\/#website"},"primaryImageOfPage":{"@id":"https:\/\/www.hotel-phenix-lyon.fr\/en\/rooms-4-star-hotel-vieux-lyon\/#primaryimage"},"image":{"@id":"https:\/\/www.hotel-phenix-lyon.fr\/en\/rooms-4-star-hotel-vieux-lyon\/#primaryimage"},"thumbnailUrl":"https:\/\/www.hotel-phenix-lyon.fr\/wp-content\/uploads\/sites\/5\/2025\/04\/PLATEAU-300x300.jpg","datePublished":"2025-04-16T15:40:07+00:00","dateModified":"2025-07-25T08:58:24+00:00","description":"Elegant, comfortable rooms in our 4-star hotel in Saint Jean, near Fourvi\u00e8re. An authentic Lyon experience.","breadcrumb":{"@id":"https:\/\/www.hotel-phenix-lyon.fr\/en\/rooms-4-star-hotel-vieux-lyon\/#breadcrumb"},"inLanguage":"en-US","potentialAction":[{"@type":"ReadAction","target":["https:\/\/www.hotel-phenix-lyon.fr\/en\/rooms-4-star-hotel-vieux-lyon\/"]}]},{"@type":"ImageObject","inLanguage":"en-US","@id":"https:\/\/www.hotel-phenix-lyon.fr\/en\/rooms-4-star-hotel-vieux-lyon\/#primaryimage","url":"https:\/\/www.hotel-phenix-lyon.fr\/wp-content\/uploads\/sites\/5\/2025\/04\/PLATEAU-300x300.jpg","contentUrl":"https:\/\/www.hotel-phenix-lyon.fr\/wp-content\/uploads\/sites\/5\/2025\/04\/PLATEAU-300x300.jpg"},{"@type":"BreadcrumbList","@id":"https:\/\/www.hotel-phenix-lyon.fr\/en\/rooms-4-star-hotel-vieux-lyon\/#breadcrumb","itemListElement":[{"@type":"ListItem","position":1,"name":"Home","item":"https:\/\/www.hotel-phenix-lyon.fr\/en\/home\/"},{"@type":"ListItem","position":2,"name":"The rooms"}]},{"@type":"WebSite","@id":"https:\/\/www.hotel-phenix-lyon.fr\/en\/#website","url":"https:\/\/www.hotel-phenix-lyon.fr\/en\/","name":"Globe Cecil","description":"H\u00f4tel 4 \u00e9toiles \u00e0 Lyon","publisher":{"@id":"https:\/\/www.hotel-phenix-lyon.fr\/en\/#organization"},"potentialAction":[{"@type":"SearchAction","target":{"@type":"EntryPoint","urlTemplate":"https:\/\/www.hotel-phenix-lyon.fr\/en\/?s={search_term_string}"},"query-input":{"@type":"PropertyValueSpecification","valueRequired":true,"valueName":"search_term_string"}}],"inLanguage":"en-US"},{"@type":"Organization","@id":"https:\/\/www.hotel-phenix-lyon.fr\/en\/#organization","name":"Globe Cecil","url":"https:\/\/www.hotel-phenix-lyon.fr\/en\/","logo":{"@type":"ImageObject","inLanguage":"en-US","@id":"https:\/\/www.hotel-phenix-lyon.fr\/en\/#\/schema\/logo\/image\/","url":"https:\/\/www.hotel-phenix-lyon.fr\/wp-content\/uploads\/sites\/5\/2025\/05\/LOGO-Phenix-White.svg","contentUrl":"https:\/\/www.hotel-phenix-lyon.fr\/wp-content\/uploads\/sites\/5\/2025\/05\/LOGO-Phenix-White.svg","width":356,"height":66,"caption":"Globe Cecil"},"image":{"@id":"https:\/\/www.hotel-phenix-lyon.fr\/en\/#\/schema\/logo\/image\/"}}]}},"_links":{"self":[{"href":"https:\/\/www.hotel-phenix-lyon.fr\/en\/wp-json\/wp\/v2\/pages\/1825","targetHints":{"allow":["GET"]}}],"collection":[{"href":"https:\/\/www.hotel-phenix-lyon.fr\/en\/wp-json\/wp\/v2\/pages"}],"about":[{"href":"https:\/\/www.hotel-phenix-lyon.fr\/en\/wp-json\/wp\/v2\/types\/page"}],"author":[{"embeddable":true,"href":"https:\/\/www.hotel-phenix-lyon.fr\/en\/wp-json\/wp\/v2\/users\/1"}],"replies":[{"embeddable":true,"href":"https:\/\/www.hotel-phenix-lyon.fr\/en\/wp-json\/wp\/v2\/comments?post=1825"}],"version-history":[{"count":18,"href":"https:\/\/www.hotel-phenix-lyon.fr\/en\/wp-json\/wp\/v2\/pages\/1825\/revisions"}],"predecessor-version":[{"id":7758,"href":"https:\/\/www.hotel-phenix-lyon.fr\/en\/wp-json\/wp\/v2\/pages\/1825\/revisions\/7758"}],"wp:attachment":[{"href":"https:\/\/www.hotel-phenix-lyon.fr\/en\/wp-json\/wp\/v2\/media?parent=1825"}],"curies":[{"name":"wp","href":"https:\/\/api.w.org\/{rel}","templated":true}]}}