{"id":1830,"date":"2025-04-16T17:40:08","date_gmt":"2025-04-16T15:40:08","guid":{"rendered":"https:\/\/www.hotel-phenix-lyon.fr\/localisation-en\/"},"modified":"2026-03-17T08:52:50","modified_gmt":"2026-03-17T07:52:50","slug":"saint-jean-near-fourviere","status":"publish","type":"page","link":"https:\/\/www.hotel-phenix-lyon.fr\/en\/charming-4-star-hotel-vieux-lyon\/saint-jean-near-fourviere\/","title":{"rendered":"Location"},"content":{"rendered":"\n<section class=\"heading wp-elements-878b521655fe9cdf158df02da8aab6ce wp-elements-878b521655fe9cdf158df02da8aab6ce wp-block-acf-heading has-text-color has-primary-color has-background has-white-100-background-color\">\n\t<div class=\"heading__container\">\n\t\t\t\t\t<div class=\"heading__background-picture\">\n\t\t\t\t<img decoding=\"async\" width=\"1620\" height=\"1080\" src=\"https:\/\/www.hotel-phenix-lyon.fr\/wp-content\/uploads\/sites\/5\/2025\/05\/Hotel-Vieux-lyon-4-etoiles.jpg\" class=\"attachment-full size-full\" alt=\"Hotel Vieux lyon 4 stars\" fetchpriority=\"high\" srcset=\"https:\/\/www.hotel-phenix-lyon.fr\/wp-content\/uploads\/sites\/5\/2025\/05\/Hotel-Vieux-lyon-4-etoiles.jpg 1620w, https:\/\/www.hotel-phenix-lyon.fr\/wp-content\/uploads\/sites\/5\/2025\/05\/Hotel-Vieux-lyon-4-etoiles-600x400.jpg 600w, https:\/\/www.hotel-phenix-lyon.fr\/wp-content\/uploads\/sites\/5\/2025\/05\/Hotel-Vieux-lyon-4-etoiles-1400x933.jpg 1400w, https:\/\/www.hotel-phenix-lyon.fr\/wp-content\/uploads\/sites\/5\/2025\/05\/Hotel-Vieux-lyon-4-etoiles-768x512.jpg 768w, https:\/\/www.hotel-phenix-lyon.fr\/wp-content\/uploads\/sites\/5\/2025\/05\/Hotel-Vieux-lyon-4-etoiles-1536x1024.jpg 1536w\" sizes=\"(max-width: 1620px) 100vw, 1620px\" \/>\t\t\t<\/div>\n\t\t\t\t<div class=\"heading__layout\">\n\t\t\t<div class=\"heading__content-wrapper has-white-100-background-color\">\n\t\t\t\t<div class=\"heading__content has-white-100-background-color\">\n\t\t\t\t\t\t\t\t\t<p id=\"breadcrumbs\"><span><span><a href=\"https:\/\/www.hotel-phenix-lyon.fr\/en\/home\/\">Home<\/a><\/span><\/span><\/p>\t\t\t\t\t\t\t\t\t<div class=\"acf-innerblocks-container\">\n\n<div class=\"wp-block-group heading-content-group is-layout-grid wp-container-core-group-is-layout-96b258e4 wp-block-group-is-layout-grid\">\n<h1 class=\"wp-block-heading has-text-align-left heading__title has-primary-color has-text-color has-xx-large-font-size wp-container-content-32a3e683\"><strong>Your confidential hotel in the heart of Vieux Lyon<\/strong><\/h1>\n<\/div>\n\n<\/div>\n\t\t\t\t<\/div>\n\t\t\t\t\t\t\t\t<div class=\"heading__illustration illustration-with-parallax desktop-only\">\n\t\t\t\t\t<img decoding=\"async\" width=\"350\" height=\"350\" src=\"https:\/\/www.hotel-phenix-lyon.fr\/wp-content\/uploads\/sites\/5\/2025\/04\/HORLOGE.png\" class=\"attachment-full size-full\" alt=\"HORLOGE\" fetchpriority=\"high\" srcset=\"https:\/\/www.hotel-phenix-lyon.fr\/wp-content\/uploads\/sites\/5\/2025\/04\/HORLOGE.png 350w, https:\/\/www.hotel-phenix-lyon.fr\/wp-content\/uploads\/sites\/5\/2025\/04\/HORLOGE-300x300.png 300w\" sizes=\"(max-width: 350px) 100vw, 350px\" \/>\t\t\t\t<\/div>\n\t\t\t\t\t\t\t<\/div>\n\t\t<\/div>\n\t<\/div>\n<\/section>\n\n\n\t<section\n\t\tstyle=\"padding-top:var(--wp--preset--spacing--theme-default);padding-bottom:var(--wp--preset--spacing--theme-default);\" class=\"block-container align wp-block-acf-block-container has-background has-white-background-color is-layout-flow wp-block-acf-block-container-is-layout-flow\"\t>\n\n\t\n\n<div class=\"wp-block-group has-global-padding is-layout-constrained wp-block-group-is-layout-constrained\">\n<h3 class=\"wp-block-heading has-text-align-left\"><strong>Looking for a \u201cnugget address\u201d?  <\/strong><\/h3>\n\n\n\n<p class=\"has-text-align-left has-large-font-size\">a hotel in Vieux Lyon, close to the Presqu&#8217;\u00eele, the metro, the historic center, Fourvi\u00e8re and the banks of the Sa\u00f4ne&#8230;  <\/p>\n\n\n\n<p class=\"has-text-align-left\">Welcome to H\u00f4tel Ph\u00e9nix, a 4-star address in Lyon, nestled on the banks of the Sa\u00f4ne in the Saint-Jean district, one of the most emblematic in Lyon&#8217;s historic center.<br\/>Our boutique hotel in the Vieux Centre is located on Quai de Bondy, right next to Quais Joseph Gillet, Quais Paul S\u00e9dallian and Quais du Commerce, typical Lyon landmarks that charmingly border the river.<\/p>\n<\/div>\n\n\n\n<\/section>\n\n\t<section\n\t\tstyle=\"padding-top:var(--wp--preset--spacing--theme-default);padding-bottom:var(--wp--preset--spacing--theme-default);\" class=\"double-columns wp-block-acf-double-columns has-background has-white-100-background-color has-global-padding is-layout-constrained wp-container-acf-double-columns-is-layout-a22d0bdd wp-block-acf-double-columns-is-layout-constrained\"\t>\n\n<div class=\"double-columns__innerblocks\">\n\n<div class=\"wp-block-group is-vertical is-content-justification-stretch is-layout-flex wp-container-core-group-is-layout-84739627 wp-block-group-is-layout-flex\">\n<h2 class=\"wp-block-heading has-text-align-center\">All <em><mark class=\"has-inline-color has-secondary-color\">Lyon<\/mark><\/em><br\/>at your feet<\/h2>\n\n\n\n<p class=\"has-large-font-size\">Metro, bus, streetcar&#8230; Our hotel is the ideal base for exploring the whole of Lyon. <\/p>\n\n\n\n<p>Le Ph\u00e9nix is located in the heart of Vieux Lyon, just a stone&#8217;s throw from the Presqu&#8217;\u00eele, Place des Terreaux, Lyon Opera and Halles de la Martini\u00e8re.<\/p>\n\n\n\n<p>Whether you prefer the bohemian slopes of Croix-Rousse, or Place Bellecour and its big-name stores, everything is within walking distance or just a few metro stops away.<\/p>\n\n\n\n<div class=\"wp-block-buttons is-content-justification-center is-layout-flex wp-container-core-buttons-is-layout-a89b3969 wp-block-buttons-is-layout-flex\">\n<div class=\"wp-block-button is-style-label-button is-style-label-button--1\"><a class=\"wp-block-button__link wp-element-button\" href=\"https:\/\/www.hotel-phenix-lyon.fr\/en\/vieux-lyon-neighborhood\/\">the Vieux Lyon district<\/a><\/div>\n<\/div>\n<\/div>\n\n\n\n<div class=\"wp-block-group is-layout-flow wp-block-group-is-layout-flow\">\n\t<div id=\"\" class=\"wp-block-acf-map\">\n\t\t<\/div>\n<\/div>\n\n<\/div>\n\n<\/section>\n\n\t<section\n\t\tstyle=\"padding-top:var(--wp--preset--spacing--theme-default);padding-bottom:var(--wp--preset--spacing--theme-default);\" class=\"double-columns wp-block-acf-double-columns has-background has-white-background-color has-global-padding is-layout-constrained wp-container-acf-double-columns-is-layout-a22d0bdd wp-block-acf-double-columns-is-layout-constrained\"\t>\n\n<div class=\"double-columns__innerblocks\">\n\n<div class=\"wp-block-group is-layout-flow wp-block-group-is-layout-flow\">\n<figure class=\"wp-block-image size-full image-is-animate\"><img loading=\"lazy\" decoding=\"async\" width=\"720\" height=\"1080\" src=\"https:\/\/www.hotel-phenix-lyon.fr\/wp-content\/uploads\/sites\/5\/2025\/05\/Hotel-Vieux-lyon-4-etoiles1.jpg\" alt=\"Hotel Vieux lyon 4 stars1\" class=\"wp-image-4963\" style=\"aspect-ratio:3\/4;object-fit:cover\" srcset=\"https:\/\/www.hotel-phenix-lyon.fr\/wp-content\/uploads\/sites\/5\/2025\/05\/Hotel-Vieux-lyon-4-etoiles1.jpg 720w, https:\/\/www.hotel-phenix-lyon.fr\/wp-content\/uploads\/sites\/5\/2025\/05\/Hotel-Vieux-lyon-4-etoiles1-400x600.jpg 400w\" sizes=\"auto, (max-width: 720px) 100vw, 720px\" \/><\/figure>\n<\/div>\n\n\n\n<div class=\"wp-block-group is-vertical is-content-justification-stretch is-layout-flex wp-container-core-group-is-layout-a67fda00 wp-block-group-is-layout-flex\">\n<h2 class=\"wp-block-heading has-text-align-center\">The heritage <em><mark class=\"has-inline-color has-secondary-color\">heritage<\/mark><\/em> awaits you:<\/h2>\n\n\n\n<p class=\"has-large-font-size\">Shopping, restaurants and museums are all within easy reach of the hotel. It&#8217;s impossible to get bored! <\/p>\n\n\n\n<ul class=\"wp-block-list\">\n<li>Fourvi\u00e8re Basilica, accessible on foot or by funicular railway<\/li>\n\n\n\n<li>Saint John&#8217;s Cathedral and the Treasure Museum<\/li>\n\n\n\n<li>The UNESCO-listed Renaissance district of Vieux Lyon<\/li>\n\n\n\n<li>Place des Terreaux, Mus\u00e9e des Beaux-Arts and Op\u00e9ra de Lyon<\/li>\n\n\n\n<li>The charming squares and alleyways of the Presqu&#8217;\u00eele<\/li>\n\n\n\n<li>And of course, the traditional Lyonnais bouchons<\/li>\n<\/ul>\n\n\n\n<div class=\"wp-block-buttons is-content-justification-center is-layout-flex wp-container-core-buttons-is-layout-a89b3969 wp-block-buttons-is-layout-flex\">\n<div class=\"wp-block-button is-style-label-button is-style-label-button--2\"><a class=\"wp-block-button__link wp-element-button\" href=\"https:\/\/www.hotel-phenix-lyon.fr\/en\/vieux-lyon-neighborhood\/\">Discover our activities<\/a><\/div>\n<\/div>\n<\/div>\n\n<\/div>\n\n<\/section>\n\n<section class=\"content wp-block-acf-content has-background has-white-background-color\">\n\t<div class=\"content__container\">\n\t\t\t\t\t<div class=\"content__background-picture\">\n\t\t\t\t<img loading=\"lazy\" decoding=\"async\" width=\"1620\" height=\"1080\" src=\"https:\/\/www.hotel-phenix-lyon.fr\/wp-content\/uploads\/sites\/5\/2025\/05\/Hotel-Vieux-lyon-4-etoiles2.jpg\" class=\"attachment-full size-full\" alt=\"Hotel Vieux lyon 4 etoiles2\" srcset=\"https:\/\/www.hotel-phenix-lyon.fr\/wp-content\/uploads\/sites\/5\/2025\/05\/Hotel-Vieux-lyon-4-etoiles2.jpg 1620w, https:\/\/www.hotel-phenix-lyon.fr\/wp-content\/uploads\/sites\/5\/2025\/05\/Hotel-Vieux-lyon-4-etoiles2-600x400.jpg 600w, https:\/\/www.hotel-phenix-lyon.fr\/wp-content\/uploads\/sites\/5\/2025\/05\/Hotel-Vieux-lyon-4-etoiles2-1400x933.jpg 1400w, https:\/\/www.hotel-phenix-lyon.fr\/wp-content\/uploads\/sites\/5\/2025\/05\/Hotel-Vieux-lyon-4-etoiles2-768x512.jpg 768w, https:\/\/www.hotel-phenix-lyon.fr\/wp-content\/uploads\/sites\/5\/2025\/05\/Hotel-Vieux-lyon-4-etoiles2-1536x1024.jpg 1536w\" sizes=\"auto, (max-width: 1620px) 100vw, 1620px\" \/>\t\t\t<\/div>\n\t\t\t\t<div class=\"content__layout\">\n\t\t\t<div class=\"content__content-wrapper has-white-background-color\">\n\t\t\t\t<div class=\"content__content has-white-background-color\">\n\t\t\t\t\t\t\t\t\t<div class=\"acf-innerblocks-container\">\n\n<div class=\"wp-block-group content-content-group is-layout-grid wp-container-core-group-is-layout-96b258e4 wp-block-group-is-layout-grid\">\n<h2 class=\"wp-block-heading has-text-align-left content__title has-primary-color has-text-color wp-container-content-32a3e683\">Experience Lyon as a <mark class=\"has-inline-color has-secondary-color\">Lyonnais!<\/mark><\/h2>\n\n\n\n<p>From the hotel, you&#8217;ll be in easy reach of all the districts: Part-Dieu for business, Confluence for modernity, Fourvi\u00e8re for the view, Croix-Rousse for crafts, and the Saint-Paul district, just outside our door.<\/p>\n\n\n\n<h2 class=\"wp-block-heading\">Lyon <mark class=\"has-inline-color has-secondary-color\">by bike<\/mark><\/h2>\n\n\n\n<p><strong>From the ViaRh\u00f4na<\/strong>, follow the Quais de Sa\u00f4ne cycle path towards the center of Lyon. Continue along Quai Fulchiron, then Quai Romain Rolland. Stay on the cycle path as far as Vieux Lyon, then join rue du B\u0153uf. The H\u00f4tel du Ph\u00e9nix is just around the corner on rue du B\u0153uf.   <\/p>\n\n\n\n<p><strong>From the Voie Bleue<\/strong>, join the ViaRh\u00f4na and follow this itinerary. From the Lyon-Saint-Paul train station, the hotel can be reached in just a few minutes via quai de Bondy and rue du B\u0153uf. <\/p>\n<\/div>\n\n<\/div>\n\t\t\t\t<\/div>\n\t\t\t\t\t\t\t<\/div>\n\t\t<\/div>\n\t<\/div>\n<\/section>\n\n\n\t<section\n\t\tstyle=\"padding-top:0;padding-bottom:var(--wp--preset--spacing--theme-default);\" class=\"block-container align wp-block-acf-block-container has-background has-white-background-color has-global-padding is-layout-constrained wp-container-acf-block-container-is-layout-b7925fb3 wp-block-acf-block-container-is-layout-constrained\"\t>\n\n\t\n\n<div class=\"wp-block-group has-global-padding is-layout-constrained wp-block-group-is-layout-constrained\">\n<figure class=\"wp-block-image aligncenter size-medium is-resized\"><img loading=\"lazy\" decoding=\"async\" width=\"300\" height=\"300\" src=\"https:\/\/www.hotel-phenix-lyon.fr\/wp-content\/uploads\/sites\/5\/2025\/04\/VELO-300x300.png\" alt=\"\" class=\"wp-image-2312\" style=\"width:218px;height:auto\" srcset=\"https:\/\/www.hotel-phenix-lyon.fr\/wp-content\/uploads\/sites\/5\/2025\/04\/VELO-300x300.png 300w, https:\/\/www.hotel-phenix-lyon.fr\/wp-content\/uploads\/sites\/5\/2025\/04\/VELO.png 350w\" sizes=\"auto, (max-width: 300px) 100vw, 300px\" \/><\/figure>\n\n\n\n<h2 class=\"wp-block-heading has-text-align-center\"><mark class=\"has-inline-color has-secondary-color\">Nearby<\/mark> transport <mark class=\"has-inline-color has-secondary-color\">:<\/mark><\/h2>\n\n\n\n<p class=\"has-text-align-center has-large-font-size\">In Lyon, everything is simple. From the H\u00f4tel Ph\u00e9nix : <\/p>\n\n\n\n<section id=\"\" class=\"align wp-block-acf-faq\">\n\t\n\t\t<div class=\"faq\">\n\t\t\t\t<div class=\"faq__item\">\n\t\t\t<div class=\"faq__question\" data-index=\"0\">\n\t\t\t\t<span class=\"faq__question-text faq__question-font-title\">Bus from hotel<\/span>\n\t\t\t<\/div>\n\t\t\t<div class=\"faq__answer\">\n\t\t\t\t<p>C3, C14, C6, 19, S1 in the immediate vicinity<\/p>\n\t\t\t<\/div>\n\t\t\t<svg class=\"faq__toggle-icon\" xmlns=\"http:\/\/www.w3.org\/2000\/svg\" width=\"16\" height=\"10\" viewBox=\"0 0 16 10\"\n\t\t\t\tfill=\"none\">\n\t\t\t\t<path d=\"M15 1L8 8L1 0.999999\" stroke=\"#3C3B3A\" stroke-width=\"2\" \/>\n\t\t\t<\/svg>\n\t\t<\/div>\n\t\t\t\t<div class=\"faq__item\">\n\t\t\t<div class=\"faq__question\" data-index=\"1\">\n\t\t\t\t<span class=\"faq__question-text faq__question-font-title\">Metro from hotel<\/span>\n\t\t\t<\/div>\n\t\t\t<div class=\"faq__answer\">\n\t\t\t\t<p>Metro Vieux Lyon (line D) 7 minutes \u201cwalk<\/p>\n<p>Metro H\u00f4tel de ville (line A) 10 minutes\u201d walk<\/p>\n\t\t\t<\/div>\n\t\t\t<svg class=\"faq__toggle-icon\" xmlns=\"http:\/\/www.w3.org\/2000\/svg\" width=\"16\" height=\"10\" viewBox=\"0 0 16 10\"\n\t\t\t\tfill=\"none\">\n\t\t\t\t<path d=\"M15 1L8 8L1 0.999999\" stroke=\"#3C3B3A\" stroke-width=\"2\" \/>\n\t\t\t<\/svg>\n\t\t<\/div>\n\t\t\t\t<div class=\"faq__item\">\n\t\t\t<div class=\"faq__question\" data-index=\"2\">\n\t\t\t\t<span class=\"faq__question-text faq__question-font-title\">V\u00e9lo&#039;v<\/span>\n\t\t\t<\/div>\n\t\t\t<div class=\"faq__answer\">\n\t\t\t\t<p>V\u00e9lo&#8217;v stations along the quay<\/p>\n\t\t\t<\/div>\n\t\t\t<svg class=\"faq__toggle-icon\" xmlns=\"http:\/\/www.w3.org\/2000\/svg\" width=\"16\" height=\"10\" viewBox=\"0 0 16 10\"\n\t\t\t\tfill=\"none\">\n\t\t\t\t<path d=\"M15 1L8 8L1 0.999999\" stroke=\"#3C3B3A\" stroke-width=\"2\" \/>\n\t\t\t<\/svg>\n\t\t<\/div>\n\t\t\t\t<div class=\"faq__item\">\n\t\t\t<div class=\"faq__question\" data-index=\"3\">\n\t\t\t\t<span class=\"faq__question-text faq__question-font-title\">Coming by train<\/span>\n\t\t\t<\/div>\n\t\t\t<div class=\"faq__answer\">\n\t\t\t\t<p>Easy access from Perrache (20 min) and Part-Dieu (25 min) stations<\/p>\n\t\t\t<\/div>\n\t\t\t<svg class=\"faq__toggle-icon\" xmlns=\"http:\/\/www.w3.org\/2000\/svg\" width=\"16\" height=\"10\" viewBox=\"0 0 16 10\"\n\t\t\t\tfill=\"none\">\n\t\t\t\t<path d=\"M15 1L8 8L1 0.999999\" stroke=\"#3C3B3A\" stroke-width=\"2\" \/>\n\t\t\t<\/svg>\n\t\t<\/div>\n\t\t\t<\/div>\n\t\t<\/section>\n<\/div>\n\n\n\n<\/section>\n","protected":false},"excerpt":{"rendered":"","protected":false},"author":2,"featured_media":4371,"parent":1808,"menu_order":0,"comment_status":"closed","ping_status":"closed","template":"","meta":{"_acf_changed":false,"inline_featured_image":false,"footnotes":""},"class_list":["post-1830","page","type-page","status-publish","has-post-thumbnail","hentry"],"acf":[],"yoast_head":"<!-- This site is optimized with the Yoast SEO plugin v27.4 - https:\/\/yoast.com\/product\/yoast-seo-wordpress\/ -->\n<title>4-star hotel Vieux Lyon, Saint Jean - Fourvi\u00e8re district<\/title>\n<meta name=\"description\" content=\"4-star hotel located in the Saint Jean district, close to Fourvi\u00e8re hill. Comfort, elegance and a personalized welcome.\" \/>\n<meta name=\"robots\" content=\"index, follow, max-snippet:-1, max-image-preview:large, max-video-preview:-1\" \/>\n<link rel=\"canonical\" href=\"https:\/\/www.hotel-phenix-lyon.fr\/en\/charming-4-star-hotel-vieux-lyon\/saint-jean-near-fourviere\/\" \/>\n<meta property=\"og:locale\" content=\"en_US\" \/>\n<meta property=\"og:type\" content=\"article\" \/>\n<meta property=\"og:title\" content=\"4-star hotel Vieux Lyon, Saint Jean - Fourvi\u00e8re district\" \/>\n<meta property=\"og:description\" content=\"4-star hotel located in the Saint Jean district, close to Fourvi\u00e8re hill. Comfort, elegance and a personalized welcome.\" \/>\n<meta property=\"og:url\" content=\"https:\/\/www.hotel-phenix-lyon.fr\/en\/charming-4-star-hotel-vieux-lyon\/saint-jean-near-fourviere\/\" \/>\n<meta property=\"og:site_name\" content=\"H\u00f4tel Phenix\" \/>\n<meta property=\"article:modified_time\" content=\"2026-03-17T07:52:50+00:00\" \/>\n<meta property=\"og:image\" content=\"https:\/\/www.hotel-phenix-lyon.fr\/wp-content\/uploads\/sites\/5\/2025\/03\/Hotel_lyon_Bellecour1.jpg\" \/>\n\t<meta property=\"og:image:width\" content=\"720\" \/>\n\t<meta property=\"og:image:height\" content=\"1080\" \/>\n\t<meta property=\"og:image:type\" content=\"image\/jpeg\" \/>\n<meta name=\"twitter:card\" content=\"summary_large_image\" \/>\n<meta name=\"twitter:label1\" content=\"Est. reading time\" \/>\n\t<meta name=\"twitter:data1\" content=\"3 minutes\" \/>\n<script type=\"application\/ld+json\" class=\"yoast-schema-graph\">{\"@context\":\"https:\\\/\\\/schema.org\",\"@graph\":[{\"@type\":\"WebPage\",\"@id\":\"https:\\\/\\\/www.hotel-phenix-lyon.fr\\\/en\\\/charming-4-star-hotel-vieux-lyon\\\/saint-jean-near-fourviere\\\/\",\"url\":\"https:\\\/\\\/www.hotel-phenix-lyon.fr\\\/en\\\/charming-4-star-hotel-vieux-lyon\\\/saint-jean-near-fourviere\\\/\",\"name\":\"4-star hotel Vieux Lyon, Saint Jean - Fourvi\u00e8re district\",\"isPartOf\":{\"@id\":\"https:\\\/\\\/www.hotel-phenix-lyon.fr\\\/en\\\/#website\"},\"primaryImageOfPage\":{\"@id\":\"https:\\\/\\\/www.hotel-phenix-lyon.fr\\\/en\\\/charming-4-star-hotel-vieux-lyon\\\/saint-jean-near-fourviere\\\/#primaryimage\"},\"image\":{\"@id\":\"https:\\\/\\\/www.hotel-phenix-lyon.fr\\\/en\\\/charming-4-star-hotel-vieux-lyon\\\/saint-jean-near-fourviere\\\/#primaryimage\"},\"thumbnailUrl\":\"https:\\\/\\\/www.hotel-phenix-lyon.fr\\\/wp-content\\\/uploads\\\/sites\\\/5\\\/2025\\\/03\\\/Hotel_lyon_Bellecour1.jpg\",\"datePublished\":\"2025-04-16T15:40:08+00:00\",\"dateModified\":\"2026-03-17T07:52:50+00:00\",\"description\":\"4-star hotel located in the Saint Jean district, close to Fourvi\u00e8re hill. Comfort, elegance and a personalized welcome.\",\"breadcrumb\":{\"@id\":\"https:\\\/\\\/www.hotel-phenix-lyon.fr\\\/en\\\/charming-4-star-hotel-vieux-lyon\\\/saint-jean-near-fourviere\\\/#breadcrumb\"},\"inLanguage\":\"en-US\",\"potentialAction\":[{\"@type\":\"ReadAction\",\"target\":[\"https:\\\/\\\/www.hotel-phenix-lyon.fr\\\/en\\\/charming-4-star-hotel-vieux-lyon\\\/saint-jean-near-fourviere\\\/\"]}]},{\"@type\":\"ImageObject\",\"inLanguage\":\"en-US\",\"@id\":\"https:\\\/\\\/www.hotel-phenix-lyon.fr\\\/en\\\/charming-4-star-hotel-vieux-lyon\\\/saint-jean-near-fourviere\\\/#primaryimage\",\"url\":\"https:\\\/\\\/www.hotel-phenix-lyon.fr\\\/wp-content\\\/uploads\\\/sites\\\/5\\\/2025\\\/03\\\/Hotel_lyon_Bellecour1.jpg\",\"contentUrl\":\"https:\\\/\\\/www.hotel-phenix-lyon.fr\\\/wp-content\\\/uploads\\\/sites\\\/5\\\/2025\\\/03\\\/Hotel_lyon_Bellecour1.jpg\",\"width\":720,\"height\":1080,\"caption\":\"Hotel lyon Bellecour1\"},{\"@type\":\"BreadcrumbList\",\"@id\":\"https:\\\/\\\/www.hotel-phenix-lyon.fr\\\/en\\\/charming-4-star-hotel-vieux-lyon\\\/saint-jean-near-fourviere\\\/#breadcrumb\",\"itemListElement\":[{\"@type\":\"ListItem\",\"position\":1,\"name\":\"Home\",\"item\":\"https:\\\/\\\/www.hotel-phenix-lyon.fr\\\/en\\\/home\\\/\"},{\"@type\":\"ListItem\",\"position\":2,\"name\":\"The hotel\",\"item\":\"https:\\\/\\\/www.hotel-phenix-lyon.fr\\\/en\\\/hotel-4-etoiles-charme-vieux-lyon\\\/\"},{\"@type\":\"ListItem\",\"position\":3,\"name\":\"Location\"}]},{\"@type\":\"WebSite\",\"@id\":\"https:\\\/\\\/www.hotel-phenix-lyon.fr\\\/en\\\/#website\",\"url\":\"https:\\\/\\\/www.hotel-phenix-lyon.fr\\\/en\\\/\",\"name\":\"Globe Cecil\",\"description\":\"H\u00f4tel 4 \u00e9toiles \u00e0 Lyon\",\"publisher\":{\"@id\":\"https:\\\/\\\/www.hotel-phenix-lyon.fr\\\/en\\\/#organization\"},\"potentialAction\":[{\"@type\":\"SearchAction\",\"target\":{\"@type\":\"EntryPoint\",\"urlTemplate\":\"https:\\\/\\\/www.hotel-phenix-lyon.fr\\\/en\\\/?s={search_term_string}\"},\"query-input\":{\"@type\":\"PropertyValueSpecification\",\"valueRequired\":true,\"valueName\":\"search_term_string\"}}],\"inLanguage\":\"en-US\"},{\"@type\":\"Organization\",\"@id\":\"https:\\\/\\\/www.hotel-phenix-lyon.fr\\\/en\\\/#organization\",\"name\":\"Globe Cecil\",\"url\":\"https:\\\/\\\/www.hotel-phenix-lyon.fr\\\/en\\\/\",\"logo\":{\"@type\":\"ImageObject\",\"inLanguage\":\"en-US\",\"@id\":\"https:\\\/\\\/www.hotel-phenix-lyon.fr\\\/en\\\/#\\\/schema\\\/logo\\\/image\\\/\",\"url\":\"https:\\\/\\\/www.hotel-phenix-lyon.fr\\\/wp-content\\\/uploads\\\/sites\\\/5\\\/2025\\\/05\\\/LOGO-Phenix-White.svg\",\"contentUrl\":\"https:\\\/\\\/www.hotel-phenix-lyon.fr\\\/wp-content\\\/uploads\\\/sites\\\/5\\\/2025\\\/05\\\/LOGO-Phenix-White.svg\",\"width\":356,\"height\":66,\"caption\":\"Globe Cecil\"},\"image\":{\"@id\":\"https:\\\/\\\/www.hotel-phenix-lyon.fr\\\/en\\\/#\\\/schema\\\/logo\\\/image\\\/\"}}]}<\/script>\n<!-- \/ Yoast SEO plugin. -->","yoast_head_json":{"title":"4-star hotel Vieux Lyon, Saint Jean - Fourvi\u00e8re district","description":"4-star hotel located in the Saint Jean district, close to Fourvi\u00e8re hill. Comfort, elegance and a personalized welcome.","robots":{"index":"index","follow":"follow","max-snippet":"max-snippet:-1","max-image-preview":"max-image-preview:large","max-video-preview":"max-video-preview:-1"},"canonical":"https:\/\/www.hotel-phenix-lyon.fr\/en\/charming-4-star-hotel-vieux-lyon\/saint-jean-near-fourviere\/","og_locale":"en_US","og_type":"article","og_title":"4-star hotel Vieux Lyon, Saint Jean - Fourvi\u00e8re district","og_description":"4-star hotel located in the Saint Jean district, close to Fourvi\u00e8re hill. Comfort, elegance and a personalized welcome.","og_url":"https:\/\/www.hotel-phenix-lyon.fr\/en\/charming-4-star-hotel-vieux-lyon\/saint-jean-near-fourviere\/","og_site_name":"H\u00f4tel Phenix","article_modified_time":"2026-03-17T07:52:50+00:00","og_image":[{"width":720,"height":1080,"url":"https:\/\/www.hotel-phenix-lyon.fr\/wp-content\/uploads\/sites\/5\/2025\/03\/Hotel_lyon_Bellecour1.jpg","type":"image\/jpeg"}],"twitter_card":"summary_large_image","twitter_misc":{"Est. reading time":"3 minutes"},"schema":{"@context":"https:\/\/schema.org","@graph":[{"@type":"WebPage","@id":"https:\/\/www.hotel-phenix-lyon.fr\/en\/charming-4-star-hotel-vieux-lyon\/saint-jean-near-fourviere\/","url":"https:\/\/www.hotel-phenix-lyon.fr\/en\/charming-4-star-hotel-vieux-lyon\/saint-jean-near-fourviere\/","name":"4-star hotel Vieux Lyon, Saint Jean - Fourvi\u00e8re district","isPartOf":{"@id":"https:\/\/www.hotel-phenix-lyon.fr\/en\/#website"},"primaryImageOfPage":{"@id":"https:\/\/www.hotel-phenix-lyon.fr\/en\/charming-4-star-hotel-vieux-lyon\/saint-jean-near-fourviere\/#primaryimage"},"image":{"@id":"https:\/\/www.hotel-phenix-lyon.fr\/en\/charming-4-star-hotel-vieux-lyon\/saint-jean-near-fourviere\/#primaryimage"},"thumbnailUrl":"https:\/\/www.hotel-phenix-lyon.fr\/wp-content\/uploads\/sites\/5\/2025\/03\/Hotel_lyon_Bellecour1.jpg","datePublished":"2025-04-16T15:40:08+00:00","dateModified":"2026-03-17T07:52:50+00:00","description":"4-star hotel located in the Saint Jean district, close to Fourvi\u00e8re hill. Comfort, elegance and a personalized welcome.","breadcrumb":{"@id":"https:\/\/www.hotel-phenix-lyon.fr\/en\/charming-4-star-hotel-vieux-lyon\/saint-jean-near-fourviere\/#breadcrumb"},"inLanguage":"en-US","potentialAction":[{"@type":"ReadAction","target":["https:\/\/www.hotel-phenix-lyon.fr\/en\/charming-4-star-hotel-vieux-lyon\/saint-jean-near-fourviere\/"]}]},{"@type":"ImageObject","inLanguage":"en-US","@id":"https:\/\/www.hotel-phenix-lyon.fr\/en\/charming-4-star-hotel-vieux-lyon\/saint-jean-near-fourviere\/#primaryimage","url":"https:\/\/www.hotel-phenix-lyon.fr\/wp-content\/uploads\/sites\/5\/2025\/03\/Hotel_lyon_Bellecour1.jpg","contentUrl":"https:\/\/www.hotel-phenix-lyon.fr\/wp-content\/uploads\/sites\/5\/2025\/03\/Hotel_lyon_Bellecour1.jpg","width":720,"height":1080,"caption":"Hotel lyon Bellecour1"},{"@type":"BreadcrumbList","@id":"https:\/\/www.hotel-phenix-lyon.fr\/en\/charming-4-star-hotel-vieux-lyon\/saint-jean-near-fourviere\/#breadcrumb","itemListElement":[{"@type":"ListItem","position":1,"name":"Home","item":"https:\/\/www.hotel-phenix-lyon.fr\/en\/home\/"},{"@type":"ListItem","position":2,"name":"The hotel","item":"https:\/\/www.hotel-phenix-lyon.fr\/en\/hotel-4-etoiles-charme-vieux-lyon\/"},{"@type":"ListItem","position":3,"name":"Location"}]},{"@type":"WebSite","@id":"https:\/\/www.hotel-phenix-lyon.fr\/en\/#website","url":"https:\/\/www.hotel-phenix-lyon.fr\/en\/","name":"Globe Cecil","description":"H\u00f4tel 4 \u00e9toiles \u00e0 Lyon","publisher":{"@id":"https:\/\/www.hotel-phenix-lyon.fr\/en\/#organization"},"potentialAction":[{"@type":"SearchAction","target":{"@type":"EntryPoint","urlTemplate":"https:\/\/www.hotel-phenix-lyon.fr\/en\/?s={search_term_string}"},"query-input":{"@type":"PropertyValueSpecification","valueRequired":true,"valueName":"search_term_string"}}],"inLanguage":"en-US"},{"@type":"Organization","@id":"https:\/\/www.hotel-phenix-lyon.fr\/en\/#organization","name":"Globe Cecil","url":"https:\/\/www.hotel-phenix-lyon.fr\/en\/","logo":{"@type":"ImageObject","inLanguage":"en-US","@id":"https:\/\/www.hotel-phenix-lyon.fr\/en\/#\/schema\/logo\/image\/","url":"https:\/\/www.hotel-phenix-lyon.fr\/wp-content\/uploads\/sites\/5\/2025\/05\/LOGO-Phenix-White.svg","contentUrl":"https:\/\/www.hotel-phenix-lyon.fr\/wp-content\/uploads\/sites\/5\/2025\/05\/LOGO-Phenix-White.svg","width":356,"height":66,"caption":"Globe Cecil"},"image":{"@id":"https:\/\/www.hotel-phenix-lyon.fr\/en\/#\/schema\/logo\/image\/"}}]}},"_links":{"self":[{"href":"https:\/\/www.hotel-phenix-lyon.fr\/en\/wp-json\/wp\/v2\/pages\/1830","targetHints":{"allow":["GET"]}}],"collection":[{"href":"https:\/\/www.hotel-phenix-lyon.fr\/en\/wp-json\/wp\/v2\/pages"}],"about":[{"href":"https:\/\/www.hotel-phenix-lyon.fr\/en\/wp-json\/wp\/v2\/types\/page"}],"author":[{"embeddable":true,"href":"https:\/\/www.hotel-phenix-lyon.fr\/en\/wp-json\/wp\/v2\/users\/2"}],"replies":[{"embeddable":true,"href":"https:\/\/www.hotel-phenix-lyon.fr\/en\/wp-json\/wp\/v2\/comments?post=1830"}],"version-history":[{"count":31,"href":"https:\/\/www.hotel-phenix-lyon.fr\/en\/wp-json\/wp\/v2\/pages\/1830\/revisions"}],"predecessor-version":[{"id":8333,"href":"https:\/\/www.hotel-phenix-lyon.fr\/en\/wp-json\/wp\/v2\/pages\/1830\/revisions\/8333"}],"up":[{"embeddable":true,"href":"https:\/\/www.hotel-phenix-lyon.fr\/en\/wp-json\/wp\/v2\/pages\/1808"}],"wp:featuredmedia":[{"embeddable":true,"href":"https:\/\/www.hotel-phenix-lyon.fr\/en\/wp-json\/wp\/v2\/media\/4371"}],"wp:attachment":[{"href":"https:\/\/www.hotel-phenix-lyon.fr\/en\/wp-json\/wp\/v2\/media?parent=1830"}],"curies":[{"name":"wp","href":"https:\/\/api.w.org\/{rel}","templated":true}]}}