{"id":1837,"date":"2025-04-16T17:40:08","date_gmt":"2025-04-16T15:40:08","guid":{"rendered":"https:\/\/www.hotel-phenix-lyon.fr\/offres-du-moment-en\/"},"modified":"2026-02-17T08:49:48","modified_gmt":"2026-02-17T07:49:48","slug":"best-offers-4-star-hotel-vieux-lyon","status":"publish","type":"page","link":"https:\/\/www.hotel-phenix-lyon.fr\/en\/best-offers-4-star-hotel-vieux-lyon\/","title":{"rendered":"Current offers"},"content":{"rendered":"\n<section class=\"heading wp-elements-94760633419baec8ed6e890dabb7bbc0 wp-elements-94760633419baec8ed6e890dabb7bbc0 wp-block-acf-heading has-text-color has-primary-color has-background has-white-100-background-color\">\n\t<div class=\"heading__container\">\n\t\t\t\t\t<div class=\"heading__background-picture\">\n\t\t\t\t<img decoding=\"async\" width=\"1620\" height=\"1080\" src=\"https:\/\/www.hotel-phenix-lyon.fr\/wp-content\/uploads\/sites\/5\/2025\/05\/hotel-pas-cher-lyon_5_Vieux-lyon-e1747665861604.jpg\" class=\"attachment-full size-full\" alt=\"hotel pas cher lyon 5 Vieux lyon e1747665861604\" fetchpriority=\"high\" \/>\t\t\t<\/div>\n\t\t\t\t<div class=\"heading__layout\">\n\t\t\t<div class=\"heading__content-wrapper has-white-100-background-color\">\n\t\t\t\t<div class=\"heading__content has-white-100-background-color\">\n\t\t\t\t\t\t\t\t\t<p id=\"breadcrumbs\"><span><span><a href=\"https:\/\/www.hotel-phenix-lyon.fr\/en\/home\/\">Home<\/a><\/span><\/span><\/p>\t\t\t\t\t\t\t\t\t<div class=\"acf-innerblocks-container\">\n\n<div class=\"wp-block-group heading-content-group is-layout-grid wp-container-core-group-is-layout-96b258e4 wp-block-group-is-layout-grid\">\n<h1 class=\"wp-block-heading has-text-align-left heading__title has-primary-color has-text-color has-xx-large-font-size\">Current offers<\/h1>\n<\/div>\n\n<\/div>\n\t\t\t\t<\/div>\n\t\t\t\t\t\t\t<\/div>\n\t\t<\/div>\n\t<\/div>\n<\/section>\n\n\n\t<section\n\t\tstyle=\"padding-top:var(--wp--preset--spacing--theme-default);padding-bottom:var(--wp--preset--spacing--theme-default);\" class=\"block-container align wp-block-acf-block-container has-background has-white-background-color has-global-padding is-layout-constrained wp-container-acf-block-container-is-layout-3fab9e2a wp-block-acf-block-container-is-layout-constrained\"\t>\n\n\t\n\n<div class=\"wp-block-group is-layout-flow wp-block-group-is-layout-flow\">\n<h3 class=\"wp-block-heading has-text-align-left\">Guilt-free enjoyment<\/h3>\n\n\n\n<p class=\"has-text-align-left has-large-font-size\">Discover our promotions and exclusive offers for a smart stay in our 4-star hotel in Lyon Saint-Paul.<\/p>\n\n\n\n<p>There&#8217;s no need to search for \u201ccheap Lyon hotels\u201d: here, we offer you the very best in local hospitality&#8230; at low prices.<br\/>Seasonal offers, gourmet getaways or cocooning stays: our good deals vary throughout the year, as hotel promotions change and the Rh\u00f4ne river&#8217;s moods change. Grab them while they last!   <br\/>All offers are subject to availability, exclude special dates and do not apply to group rates.<\/p>\n<\/div>\n\n\n\n<\/section>\n\n\t<section\n\t\tstyle=\"padding-top:var(--wp--preset--spacing--theme-default);padding-bottom:var(--wp--preset--spacing--theme-m);\" class=\"block-illustration block-illustration--top-left alignfull wp-block-acf-block-illustration has-background has-white-100-background-color has-global-padding is-layout-constrained wp-block-acf-block-illustration-is-layout-constrained\"\t>\n\n\t<div class=\"block-illustration__wrapper alignwide\">\n\t\t\t<div class=\"block-illustration__innerblocks\">\n\n<div class=\"wp-block-group is-layout-flow wp-container-core-group-is-layout-dce2e9c8 wp-block-group-is-layout-flow\" style=\"padding-top:0;padding-right:0;padding-bottom:0;padding-left:0\">\n<h2 class=\"wp-block-heading has-text-align-center\">Right now&#8230;<\/h2>\n\n\n\n<div class=\"stacked-card-grid align wp-block-acf-stacked-card-grid\">\n\n<div\n\tclass=\"stacked-card stacked-card--has-link wp-block-acf-stacked-card\"\tstyle = \"--stacked-card-hover-bg-color: #e5c800;\"\n\t>\n\t\t\t<a class=\"stacked-card__link\" href=\"https:\/\/www.secure-hotel-booking.com\/d-edge\/redirect\/2MZ9\/fr-FR\/RoomSelection?arrivalDate=2026-02-14&amp;departureDate=2026-02-15&amp;promoCode=&amp;selectedAdultCount=2&amp;currency=EUR&amp;_gl=1*1viswql*_ga*NzIyNDU5OTU0LjE3NDc2Mzc5NDU.*_ga_B3NW6DNTHX*czE3NDc2Mzc5NDUkbzEkZzAkdDE3NDc2Mzc5NDUkajAkbDAkaDA.&amp;cmpConsentString=false\"><\/a>\n\t\t\n\n<figure class=\"wp-block-image size-full stacked-card__image\"><img loading=\"lazy\" decoding=\"async\" width=\"1620\" height=\"1080\" src=\"https:\/\/www.hotel-phenix-lyon.fr\/wp-content\/uploads\/sites\/5\/2025\/05\/restaurant-Vieux-lyon_16.jpg\" alt=\"restaurant Vieux lyon 16\" class=\"wp-image-5696\" style=\"aspect-ratio:16\/9;object-fit:cover\" srcset=\"https:\/\/www.hotel-phenix-lyon.fr\/wp-content\/uploads\/sites\/5\/2025\/05\/restaurant-Vieux-lyon_16.jpg 1620w, https:\/\/www.hotel-phenix-lyon.fr\/wp-content\/uploads\/sites\/5\/2025\/05\/restaurant-Vieux-lyon_16-600x400.jpg 600w, https:\/\/www.hotel-phenix-lyon.fr\/wp-content\/uploads\/sites\/5\/2025\/05\/restaurant-Vieux-lyon_16-1400x933.jpg 1400w, https:\/\/www.hotel-phenix-lyon.fr\/wp-content\/uploads\/sites\/5\/2025\/05\/restaurant-Vieux-lyon_16-768x512.jpg 768w, https:\/\/www.hotel-phenix-lyon.fr\/wp-content\/uploads\/sites\/5\/2025\/05\/restaurant-Vieux-lyon_16-1536x1024.jpg 1536w\" sizes=\"auto, (max-width: 1620px) 100vw, 1620px\" \/><\/figure>\n\n\n\n<h3 class=\"wp-block-heading stacked-card__title\">Prepare for spring<\/h3>\n\n\n\n<p class=\"stacked-card__text has-large-font-size\">Save 20% on weekends, school vacations and May bank holidays.<br\/>Offer valid from 02\/17 to 05\/31, exclusively on our website, excluding special dates (see conditions at reception).<\/p>\n\n\n\t<\/div>\n\n\n\n<div\n\tclass=\"stacked-card wp-block-acf-stacked-card\"\tstyle = \"--stacked-card-hover-bg-color: #e5c800;\"\n\t>\n\t\t\t\n\n<figure class=\"wp-block-image size-full stacked-card__image\"><img loading=\"lazy\" decoding=\"async\" width=\"1358\" height=\"1080\" src=\"https:\/\/www.hotel-phenix-lyon.fr\/wp-content\/uploads\/sites\/5\/2025\/05\/restaurant-Vieux-lyon_14-1.jpg\" alt=\"restaurant Vieux lyon 14\" class=\"wp-image-5737\" style=\"aspect-ratio:16\/9;object-fit:cover\" srcset=\"https:\/\/www.hotel-phenix-lyon.fr\/wp-content\/uploads\/sites\/5\/2025\/05\/restaurant-Vieux-lyon_14-1.jpg 1358w, https:\/\/www.hotel-phenix-lyon.fr\/wp-content\/uploads\/sites\/5\/2025\/05\/restaurant-Vieux-lyon_14-1-600x477.jpg 600w, https:\/\/www.hotel-phenix-lyon.fr\/wp-content\/uploads\/sites\/5\/2025\/05\/restaurant-Vieux-lyon_14-1-768x611.jpg 768w\" sizes=\"auto, (max-width: 1358px) 100vw, 1358px\" \/><\/figure>\n\n\n\n<h3 class=\"wp-block-heading stacked-card__title\">Late departure on Sunday<\/h3>\n\n\n\n<p class=\"stacked-card__text has-large-font-size\">Check-out until 5pm (instead of 12pm)<br\/>+ <strong>45 \u20ac<\/strong> \/ 1 person<br\/>+ <strong>70 \u20ac<\/strong> \/ 2 persons<br\/><br\/>So you can enjoy the comfort of your room for as long as possible.<\/p>\n\n\n\t<\/div>\n\n<\/div>\n<\/div>\n\n<\/div>\n\t<\/div>\n<\/section>\n\n\t<section\n\t\tstyle=\"padding-top:var(--wp--preset--spacing--theme-default);padding-bottom:var(--wp--preset--spacing--theme-default);\" class=\"block-container align wp-block-acf-block-container has-background has-white-background-color has-global-padding is-layout-constrained wp-container-acf-block-container-is-layout-afcd3024 wp-block-acf-block-container-is-layout-constrained\"\t>\n\n\t\n\n<h3 class=\"wp-block-heading has-text-align-center\">Best rate <mark class=\"has-inline-color has-secondary-color\">guaranteed<\/mark><\/h3>\n\n\n\n<p>You won&#8217;t find cheaper anywhere else. All offers are subject to availability and exclude special dates (major events, trade fairs, holidays). Promotional rates do not apply to group bookings.  <\/p>\n\n\n\n<div class=\"wp-block-group is-vertical is-content-justification-center is-layout-flex wp-container-core-group-is-layout-89ef8df3 wp-block-group-is-layout-flex\" style=\"padding-top:0;padding-right:0;padding-bottom:0;padding-left:0\"><div class=\"booking-calendar__button-wrapper booking-calendar\" id=\"\">\n    <div class=\"acf-innerblocks-container\">\n\n<div class=\"wp-block-button booking-calendar__button\"><a class=\"wp-block-button__link wp-element-button\">Booking<\/a><\/div>\n\n<\/div>\n<\/div>\n\n<div id=\"\" class=\"booking-calendar__wrapper booking-calendar\" data-hotel-choice=\"hotel-phenix\" style=\"background-color: #ffffff;\">\n            <img loading=\"lazy\" decoding=\"async\" width=\"350\" height=\"350\" src=\"https:\/\/www.hotel-phenix-lyon.fr\/wp-content\/uploads\/sites\/5\/2025\/04\/COQ.png\" class=\"booking-calendar__image_2_desktop\" alt=\"COQ\" srcset=\"https:\/\/www.hotel-phenix-lyon.fr\/wp-content\/uploads\/sites\/5\/2025\/04\/COQ.png 350w, https:\/\/www.hotel-phenix-lyon.fr\/wp-content\/uploads\/sites\/5\/2025\/04\/COQ-300x300.png 300w\" sizes=\"auto, (max-width: 350px) 100vw, 350px\" \/>        <img decoding=\"async\"\n        class=\"booking-calendar__close-button\"\n        src=\"https:\/\/www.hotel-phenix-lyon.fr\/wp-content\/plugins\/lal-facf-blocks-plugin\/assets\/img\/BTN-X.svg\"\n        alt=\"Fermer la reservation\"\n    >\n    <div class=\"booking-calendar__content-wrapper\" style=\"background-color: #ffffff;\">\n        \t\t         <p class=\"booking-calendar__title\">Select your dates<\/p>\n\n        <div id=\"d-edge-widget-container-hotel-phenix\"\n             class=\"booking-calendar__widget-container\"\n            >\n            <div id=\"widgets--wrapper\"><\/div>\n        <\/div>\n\t\t\t\t\t<div class=\"booking-calendar__footer-text-container\">\n\t\t\t\t<p class=\"booking-calendar__footer-text\"><p style=\"text-align: left\">Plus de place ici ? Laissez nos aubergistes s\u2019occuper de vous : envoyez vos dates \u00e0 reservations@lesaubergisteslyonnais.fr et nous essayerons de trouver la meilleure alternative dans nos maisons lyonnaises. D\u00e9couvrez nos autres \u00e9tablissements \u00e0 Lyon : <a href=\"https:\/\/globeetcecilhotel.com\/\">H\u00f4tel Le Globe &amp; Cecil ****<\/a>, <a href=\"https:\/\/www.hotel-simplon-lyon.com\/\">H\u00f4tel Le Simplon ***<\/a><\/p>\n<\/p>\n\t\t\t<\/div>\n\t\t\n        <script type=\"application\/json\" class=\"d-edge-config-data\" data-hotel-choice=\"hotel-phenix\">\n        {\n    \"params\": [\n        {\n            \"calendar\": {\n                \"firstDayOfWeek\": 1,\n                \"nbMonths2display\": 2,\n                \"title\": \"\",\n                \"showBestPrice\": true,\n                \"showLastRoom\": true,\n                \"showLastRoomThreshold\": 3,\n                \"showMinStayDepartureDates\": true,\n                \"hideControls\": false,\n                \"showChildrenAges\": false,\n                \"themeDark\": false,\n                \"layoutNum\": 2,\n                \"roomRateFiltering\": 0,\n                \"rateFilter\": [],\n                \"roomFilter\": [],\n                \"useLoyalty\": false,\n                \"loyalty\": \"\",\n                \"loyaltyParams\": {},\n                \"useRedirectUrlFromApi\": true,\n                \"daysLookAhead\": 365\n            },\n            \"currency\": \"EUR\",\n            \"locale\": \"en_US\",\n            \"maxAdults\": 8,\n            \"maxChildren\": 5,\n            \"mainColor\": \"#3C3B3A\",\n            \"themeDark\": false,\n            \"openFrontInNewTab\": true,\n            \"property\": \"2MZ9-10253\",\n            \"title\": \"Hotel Phenix\",\n            \"childrenMaxAge\": 12,\n            \"fbWidget\": \"Calendar\"\n        }\n    ],\n    \"commonParams\": {\n        \"redirectUrl\": \"https:\/\/www.secure-hotel-booking.com\",\n        \"showPropertiesList\": true,\n        \"demoMode\": false,\n        \"frontUrl\": \"https:\/\/www.secure-hotel-booking.com\"\n    },\n    \"_authCode\": \"eyJhbGciOiJIUzUxMiIsInR5cCI6IkpXVCJ9.eyJib29raW5nRW5naW5lUmVmZXJlbmNlIjoiMk1aOSIsImhvdGVsSWQiOiIxMDI1MyIsImdyb3VwSWQiOiI3MzEzIiwicmVmZXJlbmNlUmF0ZUNvZGUiOiJCQVIiLCJkaXNwbGF5TmFtZSI6IkxlLVBoZW5peC1Ib3RlbCIsIm5iZiI6MTczOTQ2MDIxNywiZXhwIjoyNTM0MDIzMDA4MDAsImlhdCI6MTczOTQ2MDIxNywiaXNzIjoiQXZhaWxwcm8gQVBJIE1hbmFnZXIiLCJhdWQiOiJkLWVkZ2UifQ.QeDXuoiue3c-F6GXsr8xCrgWeOpMq2aCxi78MQ-RlJFPYC5zvhmMufjilTK_YyJR5mdfXWBMh5YvhvyqqL8Zhg\",\n    \"propertyIndex\": 0,\n    \"version\": \"1.35.0\",\n    \"baseHost\": \"https:\/\/websdk.d-edge.com\"\n}        <\/script>\n\n        <script type=\"text\/template\" class=\"consent-script-template\">\n        (function () {\n            function getConsentStatus() {\n                if (window.google_tag_data && window.google_tag_data.ics && window.google_tag_data.ics.entries && window.google_tag_data.ics.entries.ad_storage) {\n                    return window.google_tag_data.ics.entries.ad_storage.update === true ? 'true' : 'false';\n                }\n                return 'false';\n            }\n\n            const originalOpen = window.open;\n            window.open = function (url, name, features) {\n                if (url && url.includes(\"secure-hotel-booking.com\")) {\n                    const newUrl = new URL(url);\n                    newUrl.searchParams.set(\"cmpConsentString\", getConsentStatus());\n                    return originalOpen.call(window, newUrl.toString(), name, features);\n                }\n                return originalOpen.call(window, url, name, features);\n            };\n\n            const originalAssign = window.location.assign;\n            window.location.assign = function (url) {\n                if (url && url.includes(\"secure-hotel-booking.com\")) {\n                    const newUrl = new URL(url, window.location.origin);\n                    newUrl.searchParams.set(\"cmpConsentString\", getConsentStatus());\n                    return originalAssign.call(window.location, newUrl.toString());\n                }\n                return originalAssign.call(window.location, url);\n            };\n\n            const originalHref = Object.getOwnPropertyDescriptor(window.location.__proto__, 'href').set;\n            Object.defineProperty(window.location, 'href', {\n                set: function (url) {\n                    if (url.includes(\"secure-hotel-booking.com\")) {\n                        const newUrl = new URL(url, window.location.origin);\n                        newUrl.searchParams.set(\"cmpConsentString\", getConsentStatus());\n                        return originalHref.call(window.location, newUrl.toString());\n                    }\n                    return originalHref.call(window.location, url);\n                }\n            });\n        })();\n        <\/script>\n    <\/div>\n<\/div>\n<\/div>\n\n\n\n<\/section>\n","protected":false},"excerpt":{"rendered":"","protected":false},"author":2,"featured_media":0,"parent":0,"menu_order":0,"comment_status":"closed","ping_status":"closed","template":"","meta":{"_acf_changed":false,"inline_featured_image":false,"footnotes":""},"class_list":["post-1837","page","type-page","status-publish","hentry"],"acf":[],"yoast_head":"<!-- This site is optimized with the Yoast SEO plugin v27.4 - https:\/\/yoast.com\/product\/yoast-seo-wordpress\/ -->\n<title>4 star hotel Vieux Lyon cheaper - Best Price<\/title>\n<meta name=\"description\" content=\"Book online and benefit from the best rate guaranteed for your stay in our 4-star hotel in the heart of Vieux Lyon.\" \/>\n<meta name=\"robots\" content=\"index, follow, max-snippet:-1, max-image-preview:large, max-video-preview:-1\" \/>\n<link rel=\"canonical\" href=\"https:\/\/www.hotel-phenix-lyon.fr\/en\/best-offers-4-star-hotel-vieux-lyon\/\" \/>\n<meta property=\"og:locale\" content=\"en_US\" \/>\n<meta property=\"og:type\" content=\"article\" \/>\n<meta property=\"og:title\" content=\"4 star hotel Vieux Lyon cheaper - Best Price\" \/>\n<meta property=\"og:description\" content=\"Book online and benefit from the best rate guaranteed for your stay in our 4-star hotel in the heart of Vieux Lyon.\" \/>\n<meta property=\"og:url\" content=\"https:\/\/www.hotel-phenix-lyon.fr\/en\/best-offers-4-star-hotel-vieux-lyon\/\" \/>\n<meta property=\"og:site_name\" content=\"H\u00f4tel Phenix\" \/>\n<meta property=\"article:modified_time\" content=\"2026-02-17T07:49:48+00:00\" \/>\n<meta property=\"og:image\" content=\"https:\/\/www.hotel-phenix-lyon.fr\/wp-content\/uploads\/sites\/5\/2025\/05\/restaurant-Vieux-lyon_16.jpg\" \/>\n<meta name=\"twitter:card\" content=\"summary_large_image\" \/>\n<meta name=\"twitter:label1\" content=\"Est. reading time\" \/>\n\t<meta name=\"twitter:data1\" content=\"1 minute\" \/>\n<script type=\"application\/ld+json\" class=\"yoast-schema-graph\">{\"@context\":\"https:\\\/\\\/schema.org\",\"@graph\":[{\"@type\":\"WebPage\",\"@id\":\"https:\\\/\\\/www.hotel-phenix-lyon.fr\\\/en\\\/best-offers-4-star-hotel-vieux-lyon\\\/\",\"url\":\"https:\\\/\\\/www.hotel-phenix-lyon.fr\\\/en\\\/best-offers-4-star-hotel-vieux-lyon\\\/\",\"name\":\"4 star hotel Vieux Lyon cheaper - Best Price\",\"isPartOf\":{\"@id\":\"https:\\\/\\\/www.hotel-phenix-lyon.fr\\\/en\\\/#website\"},\"primaryImageOfPage\":{\"@id\":\"https:\\\/\\\/www.hotel-phenix-lyon.fr\\\/en\\\/best-offers-4-star-hotel-vieux-lyon\\\/#primaryimage\"},\"image\":{\"@id\":\"https:\\\/\\\/www.hotel-phenix-lyon.fr\\\/en\\\/best-offers-4-star-hotel-vieux-lyon\\\/#primaryimage\"},\"thumbnailUrl\":\"https:\\\/\\\/www.hotel-phenix-lyon.fr\\\/wp-content\\\/uploads\\\/sites\\\/5\\\/2025\\\/05\\\/restaurant-Vieux-lyon_16.jpg\",\"datePublished\":\"2025-04-16T15:40:08+00:00\",\"dateModified\":\"2026-02-17T07:49:48+00:00\",\"description\":\"Book online and benefit from the best rate guaranteed for your stay in our 4-star hotel in the heart of Vieux Lyon.\",\"breadcrumb\":{\"@id\":\"https:\\\/\\\/www.hotel-phenix-lyon.fr\\\/en\\\/best-offers-4-star-hotel-vieux-lyon\\\/#breadcrumb\"},\"inLanguage\":\"en-US\",\"potentialAction\":[{\"@type\":\"ReadAction\",\"target\":[\"https:\\\/\\\/www.hotel-phenix-lyon.fr\\\/en\\\/best-offers-4-star-hotel-vieux-lyon\\\/\"]}]},{\"@type\":\"ImageObject\",\"inLanguage\":\"en-US\",\"@id\":\"https:\\\/\\\/www.hotel-phenix-lyon.fr\\\/en\\\/best-offers-4-star-hotel-vieux-lyon\\\/#primaryimage\",\"url\":\"https:\\\/\\\/www.hotel-phenix-lyon.fr\\\/wp-content\\\/uploads\\\/sites\\\/5\\\/2025\\\/05\\\/restaurant-Vieux-lyon_16.jpg\",\"contentUrl\":\"https:\\\/\\\/www.hotel-phenix-lyon.fr\\\/wp-content\\\/uploads\\\/sites\\\/5\\\/2025\\\/05\\\/restaurant-Vieux-lyon_16.jpg\"},{\"@type\":\"BreadcrumbList\",\"@id\":\"https:\\\/\\\/www.hotel-phenix-lyon.fr\\\/en\\\/best-offers-4-star-hotel-vieux-lyon\\\/#breadcrumb\",\"itemListElement\":[{\"@type\":\"ListItem\",\"position\":1,\"name\":\"Home\",\"item\":\"https:\\\/\\\/www.hotel-phenix-lyon.fr\\\/en\\\/home\\\/\"},{\"@type\":\"ListItem\",\"position\":2,\"name\":\"Current offers\"}]},{\"@type\":\"WebSite\",\"@id\":\"https:\\\/\\\/www.hotel-phenix-lyon.fr\\\/en\\\/#website\",\"url\":\"https:\\\/\\\/www.hotel-phenix-lyon.fr\\\/en\\\/\",\"name\":\"Globe Cecil\",\"description\":\"H\u00f4tel 4 \u00e9toiles \u00e0 Lyon\",\"publisher\":{\"@id\":\"https:\\\/\\\/www.hotel-phenix-lyon.fr\\\/en\\\/#organization\"},\"potentialAction\":[{\"@type\":\"SearchAction\",\"target\":{\"@type\":\"EntryPoint\",\"urlTemplate\":\"https:\\\/\\\/www.hotel-phenix-lyon.fr\\\/en\\\/?s={search_term_string}\"},\"query-input\":{\"@type\":\"PropertyValueSpecification\",\"valueRequired\":true,\"valueName\":\"search_term_string\"}}],\"inLanguage\":\"en-US\"},{\"@type\":\"Organization\",\"@id\":\"https:\\\/\\\/www.hotel-phenix-lyon.fr\\\/en\\\/#organization\",\"name\":\"Globe Cecil\",\"url\":\"https:\\\/\\\/www.hotel-phenix-lyon.fr\\\/en\\\/\",\"logo\":{\"@type\":\"ImageObject\",\"inLanguage\":\"en-US\",\"@id\":\"https:\\\/\\\/www.hotel-phenix-lyon.fr\\\/en\\\/#\\\/schema\\\/logo\\\/image\\\/\",\"url\":\"https:\\\/\\\/www.hotel-phenix-lyon.fr\\\/wp-content\\\/uploads\\\/sites\\\/5\\\/2025\\\/05\\\/LOGO-Phenix-White.svg\",\"contentUrl\":\"https:\\\/\\\/www.hotel-phenix-lyon.fr\\\/wp-content\\\/uploads\\\/sites\\\/5\\\/2025\\\/05\\\/LOGO-Phenix-White.svg\",\"width\":356,\"height\":66,\"caption\":\"Globe Cecil\"},\"image\":{\"@id\":\"https:\\\/\\\/www.hotel-phenix-lyon.fr\\\/en\\\/#\\\/schema\\\/logo\\\/image\\\/\"}}]}<\/script>\n<!-- \/ Yoast SEO plugin. -->","yoast_head_json":{"title":"4 star hotel Vieux Lyon cheaper - Best Price","description":"Book online and benefit from the best rate guaranteed for your stay in our 4-star hotel in the heart of Vieux Lyon.","robots":{"index":"index","follow":"follow","max-snippet":"max-snippet:-1","max-image-preview":"max-image-preview:large","max-video-preview":"max-video-preview:-1"},"canonical":"https:\/\/www.hotel-phenix-lyon.fr\/en\/best-offers-4-star-hotel-vieux-lyon\/","og_locale":"en_US","og_type":"article","og_title":"4 star hotel Vieux Lyon cheaper - Best Price","og_description":"Book online and benefit from the best rate guaranteed for your stay in our 4-star hotel in the heart of Vieux Lyon.","og_url":"https:\/\/www.hotel-phenix-lyon.fr\/en\/best-offers-4-star-hotel-vieux-lyon\/","og_site_name":"H\u00f4tel Phenix","article_modified_time":"2026-02-17T07:49:48+00:00","og_image":[{"url":"https:\/\/www.hotel-phenix-lyon.fr\/wp-content\/uploads\/sites\/5\/2025\/05\/restaurant-Vieux-lyon_16.jpg","type":"","width":"","height":""}],"twitter_card":"summary_large_image","twitter_misc":{"Est. reading time":"1 minute"},"schema":{"@context":"https:\/\/schema.org","@graph":[{"@type":"WebPage","@id":"https:\/\/www.hotel-phenix-lyon.fr\/en\/best-offers-4-star-hotel-vieux-lyon\/","url":"https:\/\/www.hotel-phenix-lyon.fr\/en\/best-offers-4-star-hotel-vieux-lyon\/","name":"4 star hotel Vieux Lyon cheaper - Best Price","isPartOf":{"@id":"https:\/\/www.hotel-phenix-lyon.fr\/en\/#website"},"primaryImageOfPage":{"@id":"https:\/\/www.hotel-phenix-lyon.fr\/en\/best-offers-4-star-hotel-vieux-lyon\/#primaryimage"},"image":{"@id":"https:\/\/www.hotel-phenix-lyon.fr\/en\/best-offers-4-star-hotel-vieux-lyon\/#primaryimage"},"thumbnailUrl":"https:\/\/www.hotel-phenix-lyon.fr\/wp-content\/uploads\/sites\/5\/2025\/05\/restaurant-Vieux-lyon_16.jpg","datePublished":"2025-04-16T15:40:08+00:00","dateModified":"2026-02-17T07:49:48+00:00","description":"Book online and benefit from the best rate guaranteed for your stay in our 4-star hotel in the heart of Vieux Lyon.","breadcrumb":{"@id":"https:\/\/www.hotel-phenix-lyon.fr\/en\/best-offers-4-star-hotel-vieux-lyon\/#breadcrumb"},"inLanguage":"en-US","potentialAction":[{"@type":"ReadAction","target":["https:\/\/www.hotel-phenix-lyon.fr\/en\/best-offers-4-star-hotel-vieux-lyon\/"]}]},{"@type":"ImageObject","inLanguage":"en-US","@id":"https:\/\/www.hotel-phenix-lyon.fr\/en\/best-offers-4-star-hotel-vieux-lyon\/#primaryimage","url":"https:\/\/www.hotel-phenix-lyon.fr\/wp-content\/uploads\/sites\/5\/2025\/05\/restaurant-Vieux-lyon_16.jpg","contentUrl":"https:\/\/www.hotel-phenix-lyon.fr\/wp-content\/uploads\/sites\/5\/2025\/05\/restaurant-Vieux-lyon_16.jpg"},{"@type":"BreadcrumbList","@id":"https:\/\/www.hotel-phenix-lyon.fr\/en\/best-offers-4-star-hotel-vieux-lyon\/#breadcrumb","itemListElement":[{"@type":"ListItem","position":1,"name":"Home","item":"https:\/\/www.hotel-phenix-lyon.fr\/en\/home\/"},{"@type":"ListItem","position":2,"name":"Current offers"}]},{"@type":"WebSite","@id":"https:\/\/www.hotel-phenix-lyon.fr\/en\/#website","url":"https:\/\/www.hotel-phenix-lyon.fr\/en\/","name":"Globe Cecil","description":"H\u00f4tel 4 \u00e9toiles \u00e0 Lyon","publisher":{"@id":"https:\/\/www.hotel-phenix-lyon.fr\/en\/#organization"},"potentialAction":[{"@type":"SearchAction","target":{"@type":"EntryPoint","urlTemplate":"https:\/\/www.hotel-phenix-lyon.fr\/en\/?s={search_term_string}"},"query-input":{"@type":"PropertyValueSpecification","valueRequired":true,"valueName":"search_term_string"}}],"inLanguage":"en-US"},{"@type":"Organization","@id":"https:\/\/www.hotel-phenix-lyon.fr\/en\/#organization","name":"Globe Cecil","url":"https:\/\/www.hotel-phenix-lyon.fr\/en\/","logo":{"@type":"ImageObject","inLanguage":"en-US","@id":"https:\/\/www.hotel-phenix-lyon.fr\/en\/#\/schema\/logo\/image\/","url":"https:\/\/www.hotel-phenix-lyon.fr\/wp-content\/uploads\/sites\/5\/2025\/05\/LOGO-Phenix-White.svg","contentUrl":"https:\/\/www.hotel-phenix-lyon.fr\/wp-content\/uploads\/sites\/5\/2025\/05\/LOGO-Phenix-White.svg","width":356,"height":66,"caption":"Globe Cecil"},"image":{"@id":"https:\/\/www.hotel-phenix-lyon.fr\/en\/#\/schema\/logo\/image\/"}}]}},"_links":{"self":[{"href":"https:\/\/www.hotel-phenix-lyon.fr\/en\/wp-json\/wp\/v2\/pages\/1837","targetHints":{"allow":["GET"]}}],"collection":[{"href":"https:\/\/www.hotel-phenix-lyon.fr\/en\/wp-json\/wp\/v2\/pages"}],"about":[{"href":"https:\/\/www.hotel-phenix-lyon.fr\/en\/wp-json\/wp\/v2\/types\/page"}],"author":[{"embeddable":true,"href":"https:\/\/www.hotel-phenix-lyon.fr\/en\/wp-json\/wp\/v2\/users\/2"}],"replies":[{"embeddable":true,"href":"https:\/\/www.hotel-phenix-lyon.fr\/en\/wp-json\/wp\/v2\/comments?post=1837"}],"version-history":[{"count":39,"href":"https:\/\/www.hotel-phenix-lyon.fr\/en\/wp-json\/wp\/v2\/pages\/1837\/revisions"}],"predecessor-version":[{"id":8304,"href":"https:\/\/www.hotel-phenix-lyon.fr\/en\/wp-json\/wp\/v2\/pages\/1837\/revisions\/8304"}],"wp:attachment":[{"href":"https:\/\/www.hotel-phenix-lyon.fr\/en\/wp-json\/wp\/v2\/media?parent=1837"}],"curies":[{"name":"wp","href":"https:\/\/api.w.org\/{rel}","templated":true}]}}