{"id":8076,"date":"2025-11-17T14:27:34","date_gmt":"2025-11-17T13:27:34","guid":{"rendered":"https:\/\/www.hotel-phenix-lyon.fr\/room-directory\/"},"modified":"2025-11-17T15:04:24","modified_gmt":"2025-11-17T14:04:24","slug":"room-directory","status":"publish","type":"page","link":"https:\/\/www.hotel-phenix-lyon.fr\/en\/room-directory\/","title":{"rendered":"Welcome booklet"},"content":{"rendered":"\n<section class=\"heading wp-elements-3cd032d92e4383be1825bb76f13d5641 wp-elements-3cd032d92e4383be1825bb76f13d5641 wp-block-acf-heading has-text-color has-primary-color has-background has-white-100-background-color\">\n\t<div class=\"heading__container\">\n\t\t\t\t\t<div class=\"heading__background-picture\">\n\t\t\t\t<img decoding=\"async\" width=\"1620\" height=\"1080\" src=\"https:\/\/www.hotel-phenix-lyon.fr\/wp-content\/uploads\/sites\/5\/2025\/05\/Hotel-Vieux-lyon-4-etoiles4.jpg\" class=\"attachment-full size-full\" alt=\"Hotel Vieux lyon 4 etoiles4\" fetchpriority=\"high\" srcset=\"https:\/\/www.hotel-phenix-lyon.fr\/wp-content\/uploads\/sites\/5\/2025\/05\/Hotel-Vieux-lyon-4-etoiles4.jpg 1620w, https:\/\/www.hotel-phenix-lyon.fr\/wp-content\/uploads\/sites\/5\/2025\/05\/Hotel-Vieux-lyon-4-etoiles4-600x400.jpg 600w, https:\/\/www.hotel-phenix-lyon.fr\/wp-content\/uploads\/sites\/5\/2025\/05\/Hotel-Vieux-lyon-4-etoiles4-1400x933.jpg 1400w, https:\/\/www.hotel-phenix-lyon.fr\/wp-content\/uploads\/sites\/5\/2025\/05\/Hotel-Vieux-lyon-4-etoiles4-768x512.jpg 768w, https:\/\/www.hotel-phenix-lyon.fr\/wp-content\/uploads\/sites\/5\/2025\/05\/Hotel-Vieux-lyon-4-etoiles4-1536x1024.jpg 1536w\" sizes=\"(max-width: 1620px) 100vw, 1620px\" \/>\t\t\t<\/div>\n\t\t\t\t<div class=\"heading__layout\">\n\t\t\t<div class=\"heading__content-wrapper has-white-100-background-color\">\n\t\t\t\t<div class=\"heading__content has-white-100-background-color\">\n\t\t\t\t\t\t\t\t\t<p id=\"breadcrumbs\"><span><span><a href=\"https:\/\/www.hotel-phenix-lyon.fr\/en\/home\/\">Home<\/a><\/span><\/span><\/p>\t\t\t\t\t\t\t\t\t<div class=\"acf-innerblocks-container\">\n\n<div class=\"wp-block-group heading-content-group is-layout-grid wp-container-core-group-is-layout-96b258e4 wp-block-group-is-layout-grid\">\n<h1 class=\"wp-block-heading has-text-align-left heading__title has-primary-color has-text-color has-xx-large-font-size\">Welcome booklet<\/h1>\n<\/div>\n\n<\/div>\n\t\t\t\t<\/div>\n\t\t\t\t\t\t\t<\/div>\n\t\t<\/div>\n\t<\/div>\n<\/section>\n\n\n\t<section\n\t\tstyle=\"padding-top:var(--wp--preset--spacing--theme-default);padding-bottom:var(--wp--preset--spacing--theme-default);\" class=\"double-columns wp-block-acf-double-columns has-background has-white-background-color has-global-padding is-layout-constrained wp-container-acf-double-columns-is-layout-a22d0bdd wp-block-acf-double-columns-is-layout-constrained\"\t>\n\n<div class=\"double-columns__innerblocks\">\n\n<div class=\"wp-block-group is-vertical is-content-justification-stretch is-layout-flex wp-container-core-group-is-layout-84739627 wp-block-group-is-layout-flex\">\n<div class=\"wp-block-group has-global-padding is-layout-constrained wp-block-group-is-layout-constrained\">\n<figure class=\"wp-block-image aligncenter size-full is-resized\"><img decoding=\"async\" width=\"350\" height=\"350\" src=\"https:\/\/www.hotel-phenix-lyon.fr\/wp-content\/uploads\/sites\/5\/2025\/04\/COQ.png\" alt=\"COQ\" class=\"wp-image-2286\" style=\"width:180px\" srcset=\"https:\/\/www.hotel-phenix-lyon.fr\/wp-content\/uploads\/sites\/5\/2025\/04\/COQ.png 350w, https:\/\/www.hotel-phenix-lyon.fr\/wp-content\/uploads\/sites\/5\/2025\/04\/COQ-300x300.png 300w\" sizes=\"(max-width: 350px) 100vw, 350px\" \/><\/figure>\n<\/div>\n\n\n\n<h2 class=\"wp-block-heading has-text-align-center\"><mark style=\"background-color:rgba(0, 0, 0, 0)\" class=\"has-inline-color has-primary-color\">Welcome<\/mark> booklet<\/h2>\n\n\n\n<p>Want to know everything? Here you&#8217;ll find all our practical information, useful addresses, holiday tips and essential points of reference, so you can immerse yourself in the world of Les Aubergistes Lyonnais! <\/p>\n\n\n\n<div class=\"wp-block-buttons is-content-justification-center is-layout-flex wp-container-core-buttons-is-layout-a89b3969 wp-block-buttons-is-layout-flex\">\n<div class=\"wp-block-button is-style-label-button is-style-label-button--1\"><a class=\"wp-block-button__link wp-element-button\" href=\"https:\/\/roomdirectoryglobe.my.canva.site\/room-d-ph-nix-h-tel\" target=\"_blank\" rel=\"noreferrer noopener\">open a passbook<\/a><\/div>\n<\/div>\n<\/div>\n\n\n\n<div class=\"wp-block-group is-layout-flow wp-block-group-is-layout-flow\" style=\"border-style:none;border-width:0px\">\n<figure class=\"wp-block-image size-full\"><img decoding=\"async\" src=\"https:\/\/www.lesaubergisteslyonnais.fr\/wp-content\/uploads\/2025\/06\/les-aubergistes-lyonnais-presse-1.jpg\" alt=\"les aubergistes lyonnais press 1\" class=\"wp-image-8207\" style=\"aspect-ratio:3\/4;object-fit:cover\" title=\"\"\/><\/figure>\n<\/div>\n\n<\/div>\n\n<\/section>\n","protected":false},"excerpt":{"rendered":"","protected":false},"author":2,"featured_media":0,"parent":0,"menu_order":0,"comment_status":"closed","ping_status":"closed","template":"","meta":{"_acf_changed":false,"inline_featured_image":false,"footnotes":""},"class_list":["post-8076","page","type-page","status-publish","hentry"],"acf":[],"yoast_head":"<!-- This site is optimized with the Yoast SEO plugin v27.5 - https:\/\/yoast.com\/product\/yoast-seo-wordpress\/ -->\n<title>Welcome booklet - H\u00f4tel Phenix<\/title>\n<meta name=\"robots\" content=\"noindex, nofollow\" \/>\n<meta property=\"og:locale\" content=\"en_US\" \/>\n<meta property=\"og:type\" content=\"article\" \/>\n<meta property=\"og:title\" content=\"Welcome booklet - H\u00f4tel Phenix\" \/>\n<meta property=\"og:url\" content=\"https:\/\/www.hotel-phenix-lyon.fr\/en\/room-directory\/\" \/>\n<meta property=\"og:site_name\" content=\"H\u00f4tel Phenix\" \/>\n<meta property=\"article:modified_time\" content=\"2025-11-17T14:04:24+00:00\" \/>\n<meta property=\"og:image\" content=\"https:\/\/www.hotel-phenix-lyon.fr\/wp-content\/uploads\/sites\/5\/2025\/04\/COQ.png\" \/>\n<meta name=\"twitter:card\" content=\"summary_large_image\" \/>\n<script type=\"application\/ld+json\" class=\"yoast-schema-graph\">{\"@context\":\"https:\\\/\\\/schema.org\",\"@graph\":[{\"@type\":\"WebPage\",\"@id\":\"https:\\\/\\\/www.hotel-phenix-lyon.fr\\\/en\\\/room-directory\\\/\",\"url\":\"https:\\\/\\\/www.hotel-phenix-lyon.fr\\\/en\\\/room-directory\\\/\",\"name\":\"Welcome booklet - H\u00f4tel Phenix\",\"isPartOf\":{\"@id\":\"https:\\\/\\\/www.hotel-phenix-lyon.fr\\\/en\\\/#website\"},\"primaryImageOfPage\":{\"@id\":\"https:\\\/\\\/www.hotel-phenix-lyon.fr\\\/en\\\/room-directory\\\/#primaryimage\"},\"image\":{\"@id\":\"https:\\\/\\\/www.hotel-phenix-lyon.fr\\\/en\\\/room-directory\\\/#primaryimage\"},\"thumbnailUrl\":\"https:\\\/\\\/www.hotel-phenix-lyon.fr\\\/wp-content\\\/uploads\\\/sites\\\/5\\\/2025\\\/04\\\/COQ.png\",\"datePublished\":\"2025-11-17T13:27:34+00:00\",\"dateModified\":\"2025-11-17T14:04:24+00:00\",\"breadcrumb\":{\"@id\":\"https:\\\/\\\/www.hotel-phenix-lyon.fr\\\/en\\\/room-directory\\\/#breadcrumb\"},\"inLanguage\":\"en-US\",\"potentialAction\":[{\"@type\":\"ReadAction\",\"target\":[\"https:\\\/\\\/www.hotel-phenix-lyon.fr\\\/en\\\/room-directory\\\/\"]}]},{\"@type\":\"ImageObject\",\"inLanguage\":\"en-US\",\"@id\":\"https:\\\/\\\/www.hotel-phenix-lyon.fr\\\/en\\\/room-directory\\\/#primaryimage\",\"url\":\"https:\\\/\\\/www.hotel-phenix-lyon.fr\\\/wp-content\\\/uploads\\\/sites\\\/5\\\/2025\\\/04\\\/COQ.png\",\"contentUrl\":\"https:\\\/\\\/www.hotel-phenix-lyon.fr\\\/wp-content\\\/uploads\\\/sites\\\/5\\\/2025\\\/04\\\/COQ.png\"},{\"@type\":\"BreadcrumbList\",\"@id\":\"https:\\\/\\\/www.hotel-phenix-lyon.fr\\\/en\\\/room-directory\\\/#breadcrumb\",\"itemListElement\":[{\"@type\":\"ListItem\",\"position\":1,\"name\":\"Home\",\"item\":\"https:\\\/\\\/www.hotel-phenix-lyon.fr\\\/en\\\/home\\\/\"},{\"@type\":\"ListItem\",\"position\":2,\"name\":\"Welcome booklet\"}]},{\"@type\":\"WebSite\",\"@id\":\"https:\\\/\\\/www.hotel-phenix-lyon.fr\\\/en\\\/#website\",\"url\":\"https:\\\/\\\/www.hotel-phenix-lyon.fr\\\/en\\\/\",\"name\":\"Globe Cecil\",\"description\":\"H\u00f4tel 4 \u00e9toiles \u00e0 Lyon\",\"publisher\":{\"@id\":\"https:\\\/\\\/www.hotel-phenix-lyon.fr\\\/en\\\/#organization\"},\"potentialAction\":[{\"@type\":\"SearchAction\",\"target\":{\"@type\":\"EntryPoint\",\"urlTemplate\":\"https:\\\/\\\/www.hotel-phenix-lyon.fr\\\/en\\\/?s={search_term_string}\"},\"query-input\":{\"@type\":\"PropertyValueSpecification\",\"valueRequired\":true,\"valueName\":\"search_term_string\"}}],\"inLanguage\":\"en-US\"},{\"@type\":\"Organization\",\"@id\":\"https:\\\/\\\/www.hotel-phenix-lyon.fr\\\/en\\\/#organization\",\"name\":\"Globe Cecil\",\"url\":\"https:\\\/\\\/www.hotel-phenix-lyon.fr\\\/en\\\/\",\"logo\":{\"@type\":\"ImageObject\",\"inLanguage\":\"en-US\",\"@id\":\"https:\\\/\\\/www.hotel-phenix-lyon.fr\\\/en\\\/#\\\/schema\\\/logo\\\/image\\\/\",\"url\":\"https:\\\/\\\/www.hotel-phenix-lyon.fr\\\/wp-content\\\/uploads\\\/sites\\\/5\\\/2025\\\/05\\\/LOGO-Phenix-White.svg\",\"contentUrl\":\"https:\\\/\\\/www.hotel-phenix-lyon.fr\\\/wp-content\\\/uploads\\\/sites\\\/5\\\/2025\\\/05\\\/LOGO-Phenix-White.svg\",\"width\":356,\"height\":66,\"caption\":\"Globe Cecil\"},\"image\":{\"@id\":\"https:\\\/\\\/www.hotel-phenix-lyon.fr\\\/en\\\/#\\\/schema\\\/logo\\\/image\\\/\"}}]}<\/script>\n<!-- \/ Yoast SEO plugin. -->","yoast_head_json":{"title":"Welcome booklet - H\u00f4tel Phenix","robots":{"index":"noindex","follow":"nofollow"},"og_locale":"en_US","og_type":"article","og_title":"Welcome booklet - H\u00f4tel Phenix","og_url":"https:\/\/www.hotel-phenix-lyon.fr\/en\/room-directory\/","og_site_name":"H\u00f4tel Phenix","article_modified_time":"2025-11-17T14:04:24+00:00","og_image":[{"url":"https:\/\/www.hotel-phenix-lyon.fr\/wp-content\/uploads\/sites\/5\/2025\/04\/COQ.png","type":"","width":"","height":""}],"twitter_card":"summary_large_image","schema":{"@context":"https:\/\/schema.org","@graph":[{"@type":"WebPage","@id":"https:\/\/www.hotel-phenix-lyon.fr\/en\/room-directory\/","url":"https:\/\/www.hotel-phenix-lyon.fr\/en\/room-directory\/","name":"Welcome booklet - H\u00f4tel Phenix","isPartOf":{"@id":"https:\/\/www.hotel-phenix-lyon.fr\/en\/#website"},"primaryImageOfPage":{"@id":"https:\/\/www.hotel-phenix-lyon.fr\/en\/room-directory\/#primaryimage"},"image":{"@id":"https:\/\/www.hotel-phenix-lyon.fr\/en\/room-directory\/#primaryimage"},"thumbnailUrl":"https:\/\/www.hotel-phenix-lyon.fr\/wp-content\/uploads\/sites\/5\/2025\/04\/COQ.png","datePublished":"2025-11-17T13:27:34+00:00","dateModified":"2025-11-17T14:04:24+00:00","breadcrumb":{"@id":"https:\/\/www.hotel-phenix-lyon.fr\/en\/room-directory\/#breadcrumb"},"inLanguage":"en-US","potentialAction":[{"@type":"ReadAction","target":["https:\/\/www.hotel-phenix-lyon.fr\/en\/room-directory\/"]}]},{"@type":"ImageObject","inLanguage":"en-US","@id":"https:\/\/www.hotel-phenix-lyon.fr\/en\/room-directory\/#primaryimage","url":"https:\/\/www.hotel-phenix-lyon.fr\/wp-content\/uploads\/sites\/5\/2025\/04\/COQ.png","contentUrl":"https:\/\/www.hotel-phenix-lyon.fr\/wp-content\/uploads\/sites\/5\/2025\/04\/COQ.png"},{"@type":"BreadcrumbList","@id":"https:\/\/www.hotel-phenix-lyon.fr\/en\/room-directory\/#breadcrumb","itemListElement":[{"@type":"ListItem","position":1,"name":"Home","item":"https:\/\/www.hotel-phenix-lyon.fr\/en\/home\/"},{"@type":"ListItem","position":2,"name":"Welcome booklet"}]},{"@type":"WebSite","@id":"https:\/\/www.hotel-phenix-lyon.fr\/en\/#website","url":"https:\/\/www.hotel-phenix-lyon.fr\/en\/","name":"Globe Cecil","description":"H\u00f4tel 4 \u00e9toiles \u00e0 Lyon","publisher":{"@id":"https:\/\/www.hotel-phenix-lyon.fr\/en\/#organization"},"potentialAction":[{"@type":"SearchAction","target":{"@type":"EntryPoint","urlTemplate":"https:\/\/www.hotel-phenix-lyon.fr\/en\/?s={search_term_string}"},"query-input":{"@type":"PropertyValueSpecification","valueRequired":true,"valueName":"search_term_string"}}],"inLanguage":"en-US"},{"@type":"Organization","@id":"https:\/\/www.hotel-phenix-lyon.fr\/en\/#organization","name":"Globe Cecil","url":"https:\/\/www.hotel-phenix-lyon.fr\/en\/","logo":{"@type":"ImageObject","inLanguage":"en-US","@id":"https:\/\/www.hotel-phenix-lyon.fr\/en\/#\/schema\/logo\/image\/","url":"https:\/\/www.hotel-phenix-lyon.fr\/wp-content\/uploads\/sites\/5\/2025\/05\/LOGO-Phenix-White.svg","contentUrl":"https:\/\/www.hotel-phenix-lyon.fr\/wp-content\/uploads\/sites\/5\/2025\/05\/LOGO-Phenix-White.svg","width":356,"height":66,"caption":"Globe Cecil"},"image":{"@id":"https:\/\/www.hotel-phenix-lyon.fr\/en\/#\/schema\/logo\/image\/"}}]}},"_links":{"self":[{"href":"https:\/\/www.hotel-phenix-lyon.fr\/en\/wp-json\/wp\/v2\/pages\/8076","targetHints":{"allow":["GET"]}}],"collection":[{"href":"https:\/\/www.hotel-phenix-lyon.fr\/en\/wp-json\/wp\/v2\/pages"}],"about":[{"href":"https:\/\/www.hotel-phenix-lyon.fr\/en\/wp-json\/wp\/v2\/types\/page"}],"author":[{"embeddable":true,"href":"https:\/\/www.hotel-phenix-lyon.fr\/en\/wp-json\/wp\/v2\/users\/2"}],"replies":[{"embeddable":true,"href":"https:\/\/www.hotel-phenix-lyon.fr\/en\/wp-json\/wp\/v2\/comments?post=8076"}],"version-history":[{"count":10,"href":"https:\/\/www.hotel-phenix-lyon.fr\/en\/wp-json\/wp\/v2\/pages\/8076\/revisions"}],"predecessor-version":[{"id":8118,"href":"https:\/\/www.hotel-phenix-lyon.fr\/en\/wp-json\/wp\/v2\/pages\/8076\/revisions\/8118"}],"wp:attachment":[{"href":"https:\/\/www.hotel-phenix-lyon.fr\/en\/wp-json\/wp\/v2\/media?parent=8076"}],"curies":[{"name":"wp","href":"https:\/\/api.w.org\/{rel}","templated":true}]}}