{"id":8408,"date":"2026-05-11T17:35:45","date_gmt":"2026-05-11T15:35:45","guid":{"rendered":"https:\/\/www.hotel-phenix-lyon.fr\/site-map\/"},"modified":"2026-05-11T17:36:08","modified_gmt":"2026-05-11T15:36:08","slug":"site-map","status":"publish","type":"page","link":"https:\/\/www.hotel-phenix-lyon.fr\/en\/site-map\/","title":{"rendered":"Site map"},"content":{"rendered":"\n<section class=\"heading wp-elements-142c8c5377dc4be09c961ffef0250c3c wp-elements-142c8c5377dc4be09c961ffef0250c3c wp-block-acf-heading has-text-color has-primary-color has-background has-white-100-background-color\">\n\t<div class=\"heading__container\">\n\t\t\t\t\t<div class=\"heading__background-picture\">\n\t\t\t\t<img decoding=\"async\" width=\"1920\" height=\"1280\" src=\"https:\/\/www.hotel-phenix-lyon.fr\/wp-content\/uploads\/sites\/5\/2025\/03\/meilleur-hotel-de-lyon-centre.jpg\" class=\"attachment-full size-full\" alt=\"meilleur hotel de lyon centre\" fetchpriority=\"high\" srcset=\"https:\/\/www.hotel-phenix-lyon.fr\/wp-content\/uploads\/sites\/5\/2025\/03\/meilleur-hotel-de-lyon-centre.jpg 1920w, https:\/\/www.hotel-phenix-lyon.fr\/wp-content\/uploads\/sites\/5\/2025\/03\/meilleur-hotel-de-lyon-centre-300x200.jpg 300w, https:\/\/www.hotel-phenix-lyon.fr\/wp-content\/uploads\/sites\/5\/2025\/03\/meilleur-hotel-de-lyon-centre-1024x683.jpg 1024w, https:\/\/www.hotel-phenix-lyon.fr\/wp-content\/uploads\/sites\/5\/2025\/03\/meilleur-hotel-de-lyon-centre-768x512.jpg 768w, https:\/\/www.hotel-phenix-lyon.fr\/wp-content\/uploads\/sites\/5\/2025\/03\/meilleur-hotel-de-lyon-centre-1536x1024.jpg 1536w\" sizes=\"(max-width: 1920px) 100vw, 1920px\" \/>\t\t\t<\/div>\n\t\t\t\t<div class=\"heading__layout\">\n\t\t\t<div class=\"heading__content-wrapper has-white-100-background-color\">\n\t\t\t\t<div class=\"heading__content has-white-100-background-color\">\n\t\t\t\t\t\t\t\t\t<p id=\"breadcrumbs\"><span><span><a href=\"https:\/\/www.hotel-phenix-lyon.fr\/en\/home\/\">Home<\/a><\/span><\/span><\/p>\t\t\t\t\t\t\t\t\t<div class=\"acf-innerblocks-container\">\n\n<div class=\"wp-block-group heading-content-group is-layout-grid wp-container-core-group-is-layout-96b258e4 wp-block-group-is-layout-grid\">\n<h1 class=\"wp-block-heading has-text-align-left heading__title has-primary-color has-text-color has-xx-large-font-size wp-container-content-32a3e683\">Site map<\/h1>\n<\/div>\n\n<\/div>\n\t\t\t\t<\/div>\n\t\t\t\t\t\t\t\t<div class=\"heading__illustration illustration-with-parallax desktop-only\">\n\t\t\t\t\t<img decoding=\"async\" width=\"350\" height=\"350\" src=\"https:\/\/www.hotel-phenix-lyon.fr\/wp-content\/uploads\/sites\/5\/2025\/04\/HORLOGE.png\" class=\"attachment-full size-full\" alt=\"HORLOGE\" fetchpriority=\"high\" srcset=\"https:\/\/www.hotel-phenix-lyon.fr\/wp-content\/uploads\/sites\/5\/2025\/04\/HORLOGE.png 350w, https:\/\/www.hotel-phenix-lyon.fr\/wp-content\/uploads\/sites\/5\/2025\/04\/HORLOGE-300x300.png 300w\" sizes=\"(max-width: 350px) 100vw, 350px\" \/>\t\t\t\t<\/div>\n\t\t\t\t\t\t\t<\/div>\n\t\t<\/div>\n\t<\/div>\n<\/section>\n\n\n\t<section\n\t\tstyle=\"padding-top:var(--wp--preset--spacing--theme-default);padding-bottom:var(--wp--preset--spacing--theme-default);\" class=\"block-container align wp-block-acf-block-container has-background has-white-background-color has-global-padding is-layout-constrained wp-block-acf-block-container-is-layout-constrained\"\t>\n\n\t\n\n<div class=\"wp-block-group is-layout-flow wp-block-group-is-layout-flow\"><div class=\"wsp-container\"><h2 class=\"wsp-pages-title\">Pages<\/h2>\n<ul class=\"wsp-pages-list\">\n<li class=\"page_item page-item-1805\"><a href=\"https:\/\/www.hotel-phenix-lyon.fr\/en\/contact\/\">Contact<\/a><\/li>\n<li class=\"page_item page-item-1837\"><a href=\"https:\/\/www.hotel-phenix-lyon.fr\/en\/best-offers-4-star-hotel-vieux-lyon\/\">Current offers<\/a><\/li>\n<li class=\"page_item page-item-1794\"><a href=\"https:\/\/www.hotel-phenix-lyon.fr\/en\/faq\/\">FAQ<\/a><\/li>\n<li class=\"page_item page-item-1139\"><a href=\"https:\/\/www.hotel-phenix-lyon.fr\/en\/\">Home<\/a><\/li>\n<li class=\"page_item page-item-1832\"><a href=\"https:\/\/www.hotel-phenix-lyon.fr\/en\/legal-notices\/\">Legal notices<\/a><\/li>\n<li class=\"page_item page-item-7698\"><a href=\"https:\/\/www.hotel-phenix-lyon.fr\/en\/privacy-policy\/\">Privacy policy<\/a><\/li>\n<li class=\"page_item page-item-8408\"><a href=\"https:\/\/www.hotel-phenix-lyon.fr\/en\/site-map\/\">Site map<\/a><\/li>\n<li class=\"page_item page-item-1801\"><a href=\"https:\/\/www.hotel-phenix-lyon.fr\/en\/general-rental-conditions\/\">Terms and conditions of sale<\/a><\/li>\n<li class=\"page_item page-item-1808 page_item_has_children\"><a href=\"https:\/\/www.hotel-phenix-lyon.fr\/en\/charming-4-star-hotel-vieux-lyon\/\">The hotel<\/a>\n<ul class='children'>\n\t<li class=\"page_item page-item-3962\"><a href=\"https:\/\/www.hotel-phenix-lyon.fr\/en\/charming-4-star-hotel-vieux-lyon\/areas\/\">Areas<\/a><\/li>\n\t<li class=\"page_item page-item-1830\"><a href=\"https:\/\/www.hotel-phenix-lyon.fr\/en\/charming-4-star-hotel-vieux-lyon\/saint-jean-near-fourviere\/\">Location<\/a><\/li>\n\t<li class=\"page_item page-item-1818\"><a href=\"https:\/\/www.hotel-phenix-lyon.fr\/en\/charming-4-star-hotel-vieux-lyon\/csr-commitments-purpose\/\">Our commitments<\/a><\/li>\n\t<li class=\"page_item page-item-1815\"><a href=\"https:\/\/www.hotel-phenix-lyon.fr\/en\/charming-4-star-hotel-vieux-lyon\/services\/\">Services<\/a><\/li>\n<\/ul>\n<\/li>\n<li class=\"page_item page-item-1827\"><a href=\"https:\/\/www.hotel-phenix-lyon.fr\/en\/restaurant-hotel-vieux-lyon\/\">the restaurant<\/a><\/li>\n<li class=\"page_item page-item-1825\"><a href=\"https:\/\/www.hotel-phenix-lyon.fr\/en\/rooms-4-star-hotel-vieux-lyon\/\">The rooms<\/a><\/li>\n<li class=\"page_item page-item-1822 current_page_parent\"><a href=\"https:\/\/www.hotel-phenix-lyon.fr\/en\/vieux-lyon-neighborhood\/\">The Vieux Lyon district<\/a><\/li>\n<li class=\"page_item page-item-8076\"><a href=\"https:\/\/www.hotel-phenix-lyon.fr\/en\/room-directory\/\">Welcome booklet<\/a><\/li>\n<li class=\"page_item page-item-1839\"><a href=\"https:\/\/www.hotel-phenix-lyon.fr\/en\/seminar-event-hotel-4-etoiles-vieux-lyon\/\">Your seminar<\/a><\/li>\n<\/ul>\n<h2 class=\"wsp-posts-title\">Posts by category<\/h2>\n<ul class=\"wsp-posts-list\">\n\t<li><strong class=\"wsp-category-title\">Category: <a href=\"https:\/\/www.hotel-phenix-lyon.fr\/en\/le-quartier-vieux-lyon\/food-and-gastronomy\/\">Gastronomy<\/a><\/strong>\n<ul class=\"wsp-posts-list\">\t\t<li class=\"wsp-post\"><a href=\"https:\/\/www.hotel-phenix-lyon.fr\/en\/vieux-lyon-neighborhood\/vieux-lyon-where-to-eat-drink-taste-and-shop\/\">Vieux Lyon: where to eat, drink, taste and shop?<\/a><\/li>\n\t\t<li class=\"wsp-post\"><a href=\"https:\/\/www.hotel-phenix-lyon.fr\/en\/vieux-lyon-neighborhood\/the-best-gourmet-restaurants-in-vieux-lyon\/\">The best gourmet restaurants in Vieux Lyon<\/a><\/li>\n<\/ul><\/li>\n\t<li><strong class=\"wsp-category-title\">Category: <a href=\"https:\/\/www.hotel-phenix-lyon.fr\/en\/le-quartier-vieux-lyon\/nightlife-and-events\/\">Nightlife and festivities<\/a><\/strong>\n<ul class=\"wsp-posts-list\">\t\t<li class=\"wsp-post\"><a href=\"https:\/\/www.hotel-phenix-lyon.fr\/en\/vieux-lyon-neighborhood\/fete-des-lumieres-hotel-lyon\/\">Your hotel in Lyon for the Festival of Lights<\/a><\/li>\n<\/ul><\/li>\n\t<li><strong class=\"wsp-category-title\">Category: <a href=\"https:\/\/www.hotel-phenix-lyon.fr\/en\/le-quartier-vieux-lyon\/cultural-visits\/\">Visite culturelle<\/a><\/strong>\n<ul class=\"wsp-posts-list\">\t\t<li class=\"wsp-post\"><a href=\"https:\/\/www.hotel-phenix-lyon.fr\/en\/vieux-lyon-neighborhood\/lyon-saint-jean-must-see-places-in-the-district\/\">Lyon Saint-Jean: must-see places in the district<\/a><\/li>\n\t\t<li class=\"wsp-post\"><a href=\"https:\/\/www.hotel-phenix-lyon.fr\/en\/vieux-lyon-neighborhood\/what-to-see-in-vieux-lyon\/\">What to see in Vieux Lyon<\/a><\/li>\n\t\t<li class=\"wsp-post\"><a href=\"https:\/\/www.hotel-phenix-lyon.fr\/en\/vieux-lyon-neighborhood\/lyon-saint-paul-must-see-places-in-the-district\/\">Lyon Saint-Paul: must-see places in the district<\/a><\/li>\n<\/ul><\/li>\n<\/ul>\n<h2 class=\"wsp-bedrooms-title\">Rooms<\/h2>\n<ul class=\"wsp-bedrooms-list\">\n<li><a href=\"https:\/\/www.hotel-phenix-lyon.fr\/en\/rooms-4-star-hotel-vieux-lyon\/experience\/\">Triple<\/a><\/li>\n<li><a href=\"https:\/\/www.hotel-phenix-lyon.fr\/en\/rooms-4-star-hotel-vieux-lyon\/classic\/\">Classic<\/a><\/li>\n<li><a href=\"https:\/\/www.hotel-phenix-lyon.fr\/en\/rooms-4-star-hotel-vieux-lyon\/single\/\">Solo<\/a><\/li>\n<li><a href=\"https:\/\/www.hotel-phenix-lyon.fr\/en\/rooms-4-star-hotel-vieux-lyon\/quadruple\/\">Quadruple<\/a><\/li>\n<li><a href=\"https:\/\/www.hotel-phenix-lyon.fr\/en\/rooms-4-star-hotel-vieux-lyon\/privilege\/\">Privilege<\/a><\/li>\n<li><a href=\"https:\/\/www.hotel-phenix-lyon.fr\/en\/rooms-4-star-hotel-vieux-lyon\/superior\/\">Superior<\/a><\/li>\n<\/ul>\n<\/div>\n<\/div>\n\n\n\n<\/section>\n","protected":false},"excerpt":{"rendered":"","protected":false},"author":2,"featured_media":0,"parent":0,"menu_order":0,"comment_status":"closed","ping_status":"closed","template":"","meta":{"_acf_changed":false,"inline_featured_image":false,"footnotes":""},"class_list":["post-8408","page","type-page","status-publish","hentry"],"acf":[],"yoast_head":"<!-- This site is optimized with the Yoast SEO plugin v27.5 - https:\/\/yoast.com\/product\/yoast-seo-wordpress\/ -->\n<title>Site map - H\u00f4tel Phenix<\/title>\n<meta name=\"robots\" content=\"index, follow, max-snippet:-1, max-image-preview:large, max-video-preview:-1\" \/>\n<link rel=\"canonical\" href=\"https:\/\/www.hotel-phenix-lyon.fr\/en\/site-map\/\" \/>\n<meta property=\"og:locale\" content=\"en_US\" \/>\n<meta property=\"og:type\" content=\"article\" \/>\n<meta property=\"og:title\" content=\"Site map - H\u00f4tel Phenix\" \/>\n<meta property=\"og:url\" content=\"https:\/\/www.hotel-phenix-lyon.fr\/en\/site-map\/\" \/>\n<meta property=\"og:site_name\" content=\"H\u00f4tel Phenix\" \/>\n<meta property=\"article:modified_time\" content=\"2026-05-11T15:36:08+00:00\" \/>\n<meta name=\"twitter:card\" content=\"summary_large_image\" \/>\n<script type=\"application\/ld+json\" class=\"yoast-schema-graph\">{\"@context\":\"https:\\\/\\\/schema.org\",\"@graph\":[{\"@type\":\"WebPage\",\"@id\":\"https:\\\/\\\/www.hotel-phenix-lyon.fr\\\/en\\\/site-map\\\/\",\"url\":\"https:\\\/\\\/www.hotel-phenix-lyon.fr\\\/en\\\/site-map\\\/\",\"name\":\"Site map - H\u00f4tel Phenix\",\"isPartOf\":{\"@id\":\"https:\\\/\\\/www.hotel-phenix-lyon.fr\\\/en\\\/#website\"},\"datePublished\":\"2026-05-11T15:35:45+00:00\",\"dateModified\":\"2026-05-11T15:36:08+00:00\",\"breadcrumb\":{\"@id\":\"https:\\\/\\\/www.hotel-phenix-lyon.fr\\\/en\\\/site-map\\\/#breadcrumb\"},\"inLanguage\":\"en-US\",\"potentialAction\":[{\"@type\":\"ReadAction\",\"target\":[\"https:\\\/\\\/www.hotel-phenix-lyon.fr\\\/en\\\/site-map\\\/\"]}]},{\"@type\":\"BreadcrumbList\",\"@id\":\"https:\\\/\\\/www.hotel-phenix-lyon.fr\\\/en\\\/site-map\\\/#breadcrumb\",\"itemListElement\":[{\"@type\":\"ListItem\",\"position\":1,\"name\":\"Home\",\"item\":\"https:\\\/\\\/www.hotel-phenix-lyon.fr\\\/en\\\/home\\\/\"},{\"@type\":\"ListItem\",\"position\":2,\"name\":\"Site map\"}]},{\"@type\":\"WebSite\",\"@id\":\"https:\\\/\\\/www.hotel-phenix-lyon.fr\\\/en\\\/#website\",\"url\":\"https:\\\/\\\/www.hotel-phenix-lyon.fr\\\/en\\\/\",\"name\":\"Globe Cecil\",\"description\":\"H\u00f4tel 4 \u00e9toiles \u00e0 Lyon\",\"publisher\":{\"@id\":\"https:\\\/\\\/www.hotel-phenix-lyon.fr\\\/en\\\/#organization\"},\"potentialAction\":[{\"@type\":\"SearchAction\",\"target\":{\"@type\":\"EntryPoint\",\"urlTemplate\":\"https:\\\/\\\/www.hotel-phenix-lyon.fr\\\/en\\\/?s={search_term_string}\"},\"query-input\":{\"@type\":\"PropertyValueSpecification\",\"valueRequired\":true,\"valueName\":\"search_term_string\"}}],\"inLanguage\":\"en-US\"},{\"@type\":\"Organization\",\"@id\":\"https:\\\/\\\/www.hotel-phenix-lyon.fr\\\/en\\\/#organization\",\"name\":\"Globe Cecil\",\"url\":\"https:\\\/\\\/www.hotel-phenix-lyon.fr\\\/en\\\/\",\"logo\":{\"@type\":\"ImageObject\",\"inLanguage\":\"en-US\",\"@id\":\"https:\\\/\\\/www.hotel-phenix-lyon.fr\\\/en\\\/#\\\/schema\\\/logo\\\/image\\\/\",\"url\":\"https:\\\/\\\/www.hotel-phenix-lyon.fr\\\/wp-content\\\/uploads\\\/sites\\\/5\\\/2025\\\/05\\\/LOGO-Phenix-White.svg\",\"contentUrl\":\"https:\\\/\\\/www.hotel-phenix-lyon.fr\\\/wp-content\\\/uploads\\\/sites\\\/5\\\/2025\\\/05\\\/LOGO-Phenix-White.svg\",\"width\":356,\"height\":66,\"caption\":\"Globe Cecil\"},\"image\":{\"@id\":\"https:\\\/\\\/www.hotel-phenix-lyon.fr\\\/en\\\/#\\\/schema\\\/logo\\\/image\\\/\"}}]}<\/script>\n<!-- \/ Yoast SEO plugin. -->","yoast_head_json":{"title":"Site map - H\u00f4tel Phenix","robots":{"index":"index","follow":"follow","max-snippet":"max-snippet:-1","max-image-preview":"max-image-preview:large","max-video-preview":"max-video-preview:-1"},"canonical":"https:\/\/www.hotel-phenix-lyon.fr\/en\/site-map\/","og_locale":"en_US","og_type":"article","og_title":"Site map - H\u00f4tel Phenix","og_url":"https:\/\/www.hotel-phenix-lyon.fr\/en\/site-map\/","og_site_name":"H\u00f4tel Phenix","article_modified_time":"2026-05-11T15:36:08+00:00","twitter_card":"summary_large_image","schema":{"@context":"https:\/\/schema.org","@graph":[{"@type":"WebPage","@id":"https:\/\/www.hotel-phenix-lyon.fr\/en\/site-map\/","url":"https:\/\/www.hotel-phenix-lyon.fr\/en\/site-map\/","name":"Site map - H\u00f4tel Phenix","isPartOf":{"@id":"https:\/\/www.hotel-phenix-lyon.fr\/en\/#website"},"datePublished":"2026-05-11T15:35:45+00:00","dateModified":"2026-05-11T15:36:08+00:00","breadcrumb":{"@id":"https:\/\/www.hotel-phenix-lyon.fr\/en\/site-map\/#breadcrumb"},"inLanguage":"en-US","potentialAction":[{"@type":"ReadAction","target":["https:\/\/www.hotel-phenix-lyon.fr\/en\/site-map\/"]}]},{"@type":"BreadcrumbList","@id":"https:\/\/www.hotel-phenix-lyon.fr\/en\/site-map\/#breadcrumb","itemListElement":[{"@type":"ListItem","position":1,"name":"Home","item":"https:\/\/www.hotel-phenix-lyon.fr\/en\/home\/"},{"@type":"ListItem","position":2,"name":"Site map"}]},{"@type":"WebSite","@id":"https:\/\/www.hotel-phenix-lyon.fr\/en\/#website","url":"https:\/\/www.hotel-phenix-lyon.fr\/en\/","name":"Globe Cecil","description":"H\u00f4tel 4 \u00e9toiles \u00e0 Lyon","publisher":{"@id":"https:\/\/www.hotel-phenix-lyon.fr\/en\/#organization"},"potentialAction":[{"@type":"SearchAction","target":{"@type":"EntryPoint","urlTemplate":"https:\/\/www.hotel-phenix-lyon.fr\/en\/?s={search_term_string}"},"query-input":{"@type":"PropertyValueSpecification","valueRequired":true,"valueName":"search_term_string"}}],"inLanguage":"en-US"},{"@type":"Organization","@id":"https:\/\/www.hotel-phenix-lyon.fr\/en\/#organization","name":"Globe Cecil","url":"https:\/\/www.hotel-phenix-lyon.fr\/en\/","logo":{"@type":"ImageObject","inLanguage":"en-US","@id":"https:\/\/www.hotel-phenix-lyon.fr\/en\/#\/schema\/logo\/image\/","url":"https:\/\/www.hotel-phenix-lyon.fr\/wp-content\/uploads\/sites\/5\/2025\/05\/LOGO-Phenix-White.svg","contentUrl":"https:\/\/www.hotel-phenix-lyon.fr\/wp-content\/uploads\/sites\/5\/2025\/05\/LOGO-Phenix-White.svg","width":356,"height":66,"caption":"Globe Cecil"},"image":{"@id":"https:\/\/www.hotel-phenix-lyon.fr\/en\/#\/schema\/logo\/image\/"}}]}},"_links":{"self":[{"href":"https:\/\/www.hotel-phenix-lyon.fr\/en\/wp-json\/wp\/v2\/pages\/8408","targetHints":{"allow":["GET"]}}],"collection":[{"href":"https:\/\/www.hotel-phenix-lyon.fr\/en\/wp-json\/wp\/v2\/pages"}],"about":[{"href":"https:\/\/www.hotel-phenix-lyon.fr\/en\/wp-json\/wp\/v2\/types\/page"}],"author":[{"embeddable":true,"href":"https:\/\/www.hotel-phenix-lyon.fr\/en\/wp-json\/wp\/v2\/users\/2"}],"replies":[{"embeddable":true,"href":"https:\/\/www.hotel-phenix-lyon.fr\/en\/wp-json\/wp\/v2\/comments?post=8408"}],"version-history":[{"count":1,"href":"https:\/\/www.hotel-phenix-lyon.fr\/en\/wp-json\/wp\/v2\/pages\/8408\/revisions"}],"predecessor-version":[{"id":8409,"href":"https:\/\/www.hotel-phenix-lyon.fr\/en\/wp-json\/wp\/v2\/pages\/8408\/revisions\/8409"}],"wp:attachment":[{"href":"https:\/\/www.hotel-phenix-lyon.fr\/en\/wp-json\/wp\/v2\/media?parent=8408"}],"curies":[{"name":"wp","href":"https:\/\/api.w.org\/{rel}","templated":true}]}}