{"id":3131,"date":"2025-04-16T17:40:07","date_gmt":"2025-04-16T15:40:07","guid":{"rendered":"https:\/\/www.hotel-phenix-lyon.fr\/las-habitaciones\/"},"modified":"2025-06-13T14:01:07","modified_gmt":"2025-06-13T12:01:07","slug":"habitaciones-hotel-4-estrellas-vieux-lyon","status":"publish","type":"page","link":"https:\/\/www.hotel-phenix-lyon.fr\/es\/habitaciones-hotel-4-estrellas-vieux-lyon\/","title":{"rendered":"Las habitaciones"},"content":{"rendered":"\n<section class=\"heading wp-elements-0ea1d3295dd295caaa2fe52d8e95568d wp-elements-0ea1d3295dd295caaa2fe52d8e95568d wp-block-acf-heading has-text-color has-primary-color has-background has-white-100-background-color\">\n\t<div class=\"heading__container\">\n\t\t\t\t\t<div class=\"heading__background-picture\">\n\t\t\t\t<img decoding=\"async\" width=\"1620\" height=\"1080\" src=\"https:\/\/www.hotel-phenix-lyon.fr\/wp-content\/uploads\/sites\/5\/2025\/05\/chambre-hotel-vieux-lyon.jpg\" class=\"attachment-full size-full\" alt=\"chambre hotel vieux lyon\" fetchpriority=\"high\" srcset=\"https:\/\/www.hotel-phenix-lyon.fr\/wp-content\/uploads\/sites\/5\/2025\/05\/chambre-hotel-vieux-lyon.jpg 1620w, https:\/\/www.hotel-phenix-lyon.fr\/wp-content\/uploads\/sites\/5\/2025\/05\/chambre-hotel-vieux-lyon-600x400.jpg 600w, https:\/\/www.hotel-phenix-lyon.fr\/wp-content\/uploads\/sites\/5\/2025\/05\/chambre-hotel-vieux-lyon-1400x933.jpg 1400w, https:\/\/www.hotel-phenix-lyon.fr\/wp-content\/uploads\/sites\/5\/2025\/05\/chambre-hotel-vieux-lyon-768x512.jpg 768w, https:\/\/www.hotel-phenix-lyon.fr\/wp-content\/uploads\/sites\/5\/2025\/05\/chambre-hotel-vieux-lyon-1536x1024.jpg 1536w\" sizes=\"(max-width: 1620px) 100vw, 1620px\" \/>\t\t\t<\/div>\n\t\t\t\t<div class=\"heading__layout\">\n\t\t\t<div class=\"heading__content-wrapper has-white-100-background-color\">\n\t\t\t\t<div class=\"heading__content has-white-100-background-color\">\n\t\t\t\t\t\t\t\t\t<p id=\"breadcrumbs\"><span><span><a href=\"https:\/\/www.hotel-phenix-lyon.fr\/es\/inicio\/\">Accueil<\/a><\/span><\/span><\/p>\t\t\t\t\t\t\t\t\t<div class=\"acf-innerblocks-container\">\n\n<div class=\"wp-block-group heading-content-group is-layout-grid wp-container-core-group-is-layout-96b258e4 wp-block-group-is-layout-grid\">\n<h1 class=\"wp-block-heading has-text-align-left heading__title has-primary-color has-text-color has-xx-large-font-size\">Tu habitaci\u00f3n de hotel en el coraz\u00f3n del Vieux Lyon<\/h1>\n<\/div>\n\n<\/div>\n\t\t\t\t<\/div>\n\t\t\t\t\t\t\t\t<div class=\"heading__illustration illustration-with-parallax desktop-only\">\n\t\t\t\t\t<img decoding=\"async\" width=\"350\" height=\"350\" src=\"https:\/\/www.hotel-phenix-lyon.fr\/wp-content\/uploads\/sites\/5\/2025\/04\/GLOBE-statique.png\" class=\"attachment-full size-full\" alt=\"GLOBE statique\" fetchpriority=\"high\" srcset=\"https:\/\/www.hotel-phenix-lyon.fr\/wp-content\/uploads\/sites\/5\/2025\/04\/GLOBE-statique.png 350w, https:\/\/www.hotel-phenix-lyon.fr\/wp-content\/uploads\/sites\/5\/2025\/04\/GLOBE-statique-300x300.png 300w\" sizes=\"(max-width: 350px) 100vw, 350px\" \/>\t\t\t\t<\/div>\n\t\t\t\t\t\t\t<\/div>\n\t\t<\/div>\n\t<\/div>\n<\/section>\n\n\n\t<section\n\t\tstyle=\"padding-top:var(--wp--preset--spacing--theme-default);padding-bottom:var(--wp--preset--spacing--theme-default);\" class=\"block-container align wp-block-acf-block-container has-background has-white-background-color has-global-padding is-layout-constrained wp-block-acf-block-container-is-layout-constrained\"\t>\n\n\t\n\n<div class=\"wp-block-group is-layout-flow wp-block-group-is-layout-flow\">\n<h3 class=\"wp-block-heading has-text-align-left\">\u00bfBuscas un hotel en Lyon Saint-Paul?  <\/h3>\n\n\n\n<p class=\"has-text-align-left has-large-font-size\">\u00bfUna direcci\u00f3n de 4 estrellas a tiro de piedra de Fourvi\u00e8re? Entonces has venido al lugar adecuado. <\/p>\n\n\n\n<p>Bienvenido a una de las 35 habitaciones del Hotel Ph\u00e9nix.<\/p>\n\n\n\n<p>Situadas a orillas del Saona, nuestras habitaciones combinan el confort moderno con toques cl\u00e1sicos y un ambiente acogedor.  <\/p>\n\n\n\n<p>Perfecto para una escapada rom\u00e1ntica, un fin de semana de exploraci\u00f3n o una tranquila escapada de negocios.<\/p>\n<\/div>\n\n\n\n<\/section>\n\n\t<section\n\t\tstyle=\"padding-top:var(--wp--preset--spacing--theme-default);padding-bottom:var(--wp--preset--spacing--theme-default);\" class=\"block-container align wp-block-acf-block-container has-background has-white-100-background-color has-global-padding is-layout-constrained wp-container-acf-block-container-is-layout-89fc666d wp-block-acf-block-container-is-layout-constrained\"\t>\n\n\t\n\n<h3 class=\"wp-block-heading has-text-align-center\">\u00bfViene en pareja? \u00bfCon amigos? \u00bfCon el trabajo? \u00bfTe sientes solo? \u00bfNo te gusta el azul? \u00bfTiene un presupuesto ajustado?     <\/h3>\n\n\n\n<\/section>\n\n\t<section\n\t\tstyle=\"padding-top:var(--wp--preset--spacing--theme-default);padding-bottom:var(--wp--preset--spacing--theme-default);\" class=\"block-container align wp-block-acf-block-container has-background has-white-background-color has-global-padding is-layout-constrained wp-container-acf-block-container-is-layout-89fc666d wp-block-acf-block-container-is-layout-constrained\"\t>\n\n\t\n\n<div class=\"wp-block-group has-global-padding is-layout-constrained wp-block-group-is-layout-constrained\">\n<h2 class=\"wp-block-heading has-text-align-center\">La habitaci\u00f3n <mark class=\"has-inline-color has-secondary-color\">que necesitas<\/mark><\/h2>\n\n\n\n<p class=\"has-text-align-center has-large-font-size\">Algunos ofrecen vistas m\u00e1gicas sobre el Saona, mientras que otros ofrecen un ambiente m\u00e1s \u00edntimo, ideal para desconectar.<\/p>\n<\/div>\n\n\n\n<div\n\tclass=\"card-grid alignwide wp-block-acf-grid\" id=\"card-grid-id-1\"\t>\n\t\n\t\t<div class=\"card-grid__innerblocks\">\n\t\t\t<div\n\t\tclass=\"card wp-block-acf-card\" id=\"card-id--1\"\t\t>\n\t\n\t\t\t<a href=\"https:\/\/www.hotel-phenix-lyon.fr\/chambres-hotel-4-etoiles-vieux-lyon\/solo\/\" class=\"card__link\"><\/a>\n\t\t<p class=\"card__excerpt\">Dans<br \/>\r\nma bulle !<\/p>\n\t\t<div class=\"card__title\">\n\t\t\t\t\t\t<span>Habitaci\u00f3n<\/span>\n\t\t\t\t\t\t<p>Solo<\/p>\n\t\t<\/div>\n\t\t\t\t<img loading=\"lazy\" decoding=\"async\" width=\"720\" height=\"1080\" src=\"https:\/\/www.hotel-phenix-lyon.fr\/wp-content\/uploads\/sites\/5\/2025\/03\/chambre-solo-hotel-vieux-lyon.jpg\" class=\"card__image wp-post-image\" alt=\"chambre solo hotel vieux lyon\" srcset=\"https:\/\/www.hotel-phenix-lyon.fr\/wp-content\/uploads\/sites\/5\/2025\/03\/chambre-solo-hotel-vieux-lyon.jpg 720w, https:\/\/www.hotel-phenix-lyon.fr\/wp-content\/uploads\/sites\/5\/2025\/03\/chambre-solo-hotel-vieux-lyon-400x600.jpg 400w\" sizes=\"auto, (max-width: 720px) 100vw, 720px\" \/>\t\t\t\n\t\t<\/div>\n\t\n\n\t\t\t<div\n\t\tclass=\"card wp-block-acf-card\" id=\"card-id--2\"\t\t>\n\t\n\t\t\t<a href=\"https:\/\/www.hotel-phenix-lyon.fr\/chambres-hotel-4-etoiles-vieux-lyon\/classique\/\" class=\"card__link\"><\/a>\n\t\t<p class=\"card__excerpt\">Mais pas<br \/>\r\nordinaire !<\/p>\n\t\t<div class=\"card__title\">\n\t\t\t\t\t\t<span>Habitaci\u00f3n<\/span>\n\t\t\t\t\t\t<p>Classique<\/p>\n\t\t<\/div>\n\t\t\t\t<img loading=\"lazy\" decoding=\"async\" width=\"720\" height=\"1080\" src=\"https:\/\/www.hotel-phenix-lyon.fr\/wp-content\/uploads\/sites\/5\/2025\/03\/chambre-classique-hotel-vieux-lyon1.jpg\" class=\"card__image wp-post-image\" alt=\"chambre classique hotel vieux lyon1\" srcset=\"https:\/\/www.hotel-phenix-lyon.fr\/wp-content\/uploads\/sites\/5\/2025\/03\/chambre-classique-hotel-vieux-lyon1.jpg 720w, https:\/\/www.hotel-phenix-lyon.fr\/wp-content\/uploads\/sites\/5\/2025\/03\/chambre-classique-hotel-vieux-lyon1-400x600.jpg 400w\" sizes=\"auto, (max-width: 720px) 100vw, 720px\" \/>\t\t\t\n\t\t<\/div>\n\t\n\n\t\t\t<div\n\t\tclass=\"card wp-block-acf-card\" id=\"card-id--3\"\t\t>\n\t\n\t\t\t<a href=\"https:\/\/www.hotel-phenix-lyon.fr\/chambres-hotel-4-etoiles-vieux-lyon\/superieure\/\" class=\"card__link\"><\/a>\n\t\t<p class=\"card__excerpt\">Dormir<br \/>\r\nen \u00e9toile !<\/p>\n\t\t<div class=\"card__title\">\n\t\t\t\t\t\t<span>Habitaci\u00f3n<\/span>\n\t\t\t\t\t\t<p>Sup\u00e9rieure<\/p>\n\t\t<\/div>\n\t\t\t\t<img loading=\"lazy\" decoding=\"async\" width=\"720\" height=\"1080\" src=\"https:\/\/www.hotel-phenix-lyon.fr\/wp-content\/uploads\/sites\/5\/2025\/03\/chambre-superieure-hotel-vieux-lyon.jpg\" class=\"card__image wp-post-image\" alt=\"chambre superieure hotel vieux lyon\" srcset=\"https:\/\/www.hotel-phenix-lyon.fr\/wp-content\/uploads\/sites\/5\/2025\/03\/chambre-superieure-hotel-vieux-lyon.jpg 720w, https:\/\/www.hotel-phenix-lyon.fr\/wp-content\/uploads\/sites\/5\/2025\/03\/chambre-superieure-hotel-vieux-lyon-400x600.jpg 400w\" sizes=\"auto, (max-width: 720px) 100vw, 720px\" \/>\t\t\t\n\t\t<\/div>\n\t\n\n\t\t\t<div\n\t\tclass=\"card wp-block-acf-card\" id=\"card-id--4\"\t\t>\n\t\n\t\t\t<a href=\"https:\/\/www.hotel-phenix-lyon.fr\/chambres-hotel-4-etoiles-vieux-lyon\/triple\/\" class=\"card__link\"><\/a>\n\t\t<p class=\"card__excerpt\">Petite<br \/>\r\ntribu !<\/p>\n\t\t<div class=\"card__title\">\n\t\t\t\t\t\t<span>Habitaci\u00f3n<\/span>\n\t\t\t\t\t\t<p>Triple<\/p>\n\t\t<\/div>\n\t\t\t\t<img loading=\"lazy\" decoding=\"async\" width=\"720\" height=\"1080\" src=\"https:\/\/www.hotel-phenix-lyon.fr\/wp-content\/uploads\/sites\/5\/2025\/03\/chambre-superieure-hotel-vieux-lyon50.jpg\" class=\"card__image wp-post-image\" alt=\"chambre superieure hotel vieux lyon50\" srcset=\"https:\/\/www.hotel-phenix-lyon.fr\/wp-content\/uploads\/sites\/5\/2025\/03\/chambre-superieure-hotel-vieux-lyon50.jpg 720w, https:\/\/www.hotel-phenix-lyon.fr\/wp-content\/uploads\/sites\/5\/2025\/03\/chambre-superieure-hotel-vieux-lyon50-400x600.jpg 400w\" sizes=\"auto, (max-width: 720px) 100vw, 720px\" \/>\t\t\t\n\t\t<\/div>\n\t\n\n\t\t\t<div\n\t\tclass=\"card wp-block-acf-card\" id=\"card-id--5\"\t\t>\n\t\n\t\t\t<a href=\"https:\/\/www.hotel-phenix-lyon.fr\/chambres-hotel-4-etoiles-vieux-lyon\/quadruple\/\" class=\"card__link\"><\/a>\n\t\t<p class=\"card__excerpt\">Grande<br \/>\r\ntribu !<\/p>\n\t\t<div class=\"card__title\">\n\t\t\t\t\t\t<span>Habitaci\u00f3n<\/span>\n\t\t\t\t\t\t<p>Quadruple\u00a0<\/p>\n\t\t<\/div>\n\t\t\t\t<img loading=\"lazy\" decoding=\"async\" width=\"720\" height=\"1080\" src=\"https:\/\/www.hotel-phenix-lyon.fr\/wp-content\/uploads\/sites\/5\/2025\/03\/hotel-famille-lyon_05.jpg\" class=\"card__image wp-post-image\" alt=\"hotel famille lyon 05\" srcset=\"https:\/\/www.hotel-phenix-lyon.fr\/wp-content\/uploads\/sites\/5\/2025\/03\/hotel-famille-lyon_05.jpg 720w, https:\/\/www.hotel-phenix-lyon.fr\/wp-content\/uploads\/sites\/5\/2025\/03\/hotel-famille-lyon_05-400x600.jpg 400w\" sizes=\"auto, (max-width: 720px) 100vw, 720px\" \/>\t\t\t\n\t\t<\/div>\n\t\n\n\t\t\t<div\n\t\tclass=\"card wp-block-acf-card\" id=\"card-id--6\"\t\t>\n\t\n\t\t\t<a href=\"https:\/\/www.hotel-phenix-lyon.fr\/chambres-hotel-4-etoiles-vieux-lyon\/privilege\/\" class=\"card__link\"><\/a>\n\t\t<p class=\"card__excerpt\">Comme \u00e0<br \/>\r\nla maison !<\/p>\n\t\t<div class=\"card__title\">\n\t\t\t\t\t\t<span>Habitaci\u00f3n<\/span>\n\t\t\t\t\t\t<p>Privil\u00e8ge<\/p>\n\t\t<\/div>\n\t\t\t\t<img loading=\"lazy\" decoding=\"async\" width=\"1400\" height=\"933\" src=\"https:\/\/www.hotel-phenix-lyon.fr\/wp-content\/uploads\/sites\/5\/2025\/03\/chambre-privilege-hotel-vieux-lyon2-1400x933.jpg\" class=\"card__image wp-post-image\" alt=\"chambre privile\u0300ge hotel vieux lyon2\" srcset=\"https:\/\/www.hotel-phenix-lyon.fr\/wp-content\/uploads\/sites\/5\/2025\/03\/chambre-privilege-hotel-vieux-lyon2-1400x933.jpg 1400w, https:\/\/www.hotel-phenix-lyon.fr\/wp-content\/uploads\/sites\/5\/2025\/03\/chambre-privilege-hotel-vieux-lyon2-600x400.jpg 600w, https:\/\/www.hotel-phenix-lyon.fr\/wp-content\/uploads\/sites\/5\/2025\/03\/chambre-privilege-hotel-vieux-lyon2-768x512.jpg 768w, https:\/\/www.hotel-phenix-lyon.fr\/wp-content\/uploads\/sites\/5\/2025\/03\/chambre-privilege-hotel-vieux-lyon2-1536x1024.jpg 1536w, https:\/\/www.hotel-phenix-lyon.fr\/wp-content\/uploads\/sites\/5\/2025\/03\/chambre-privilege-hotel-vieux-lyon2.jpg 1620w\" sizes=\"auto, (max-width: 1400px) 100vw, 1400px\" \/>\t\t\t\n\t\t<\/div>\n\t\n<\/div>\n\n\t<\/div>\n\n\n\n<\/section>\n\n\t<section\n\t\tstyle=\"padding-top:var(--wp--preset--spacing--theme-default);padding-bottom:var(--wp--preset--spacing--theme-default);\" class=\"block-container align wp-block-acf-block-container has-background has-white-100-background-color has-global-padding is-layout-constrained wp-container-acf-block-container-is-layout-d3fafd11 wp-block-acf-block-container-is-layout-constrained\"\t>\n\n\t\n\n<div class=\"wp-block-group is-layout-flow wp-block-group-is-layout-flow\">\n<figure class=\"wp-block-image aligncenter size-medium is-resized\"><img loading=\"lazy\" decoding=\"async\" width=\"300\" height=\"300\" src=\"https:\/\/www.hotel-phenix-lyon.fr\/wp-content\/uploads\/sites\/5\/2025\/04\/PLATEAU-300x300.jpg\" alt=\"\" class=\"wp-image-2578\" style=\"width:230px;height:auto\" srcset=\"https:\/\/www.hotel-phenix-lyon.fr\/wp-content\/uploads\/sites\/5\/2025\/04\/PLATEAU-300x300.jpg 300w, https:\/\/www.hotel-phenix-lyon.fr\/wp-content\/uploads\/sites\/5\/2025\/04\/PLATEAU-150x150.jpg 150w, https:\/\/www.hotel-phenix-lyon.fr\/wp-content\/uploads\/sites\/5\/2025\/04\/PLATEAU.jpg 350w\" sizes=\"auto, (max-width: 300px) 100vw, 300px\" \/><\/figure>\n\n\n\n<h2 class=\"wp-block-heading has-text-align-center\"><mark class=\"has-inline-color has-secondary-color\">Instalaciones de<\/mark> 4 estrellas<\/h2>\n\n\n\n<p class=\"has-text-align-center has-large-font-size\">\u00a1Los Aubergistes Lyonnais a tu servicio!<\/p>\n\n\n\n<section id=\"\" class=\"align wp-block-acf-faq\">\n\t\n\t\t<div class=\"faq\">\n\t\t\t\t<div class=\"faq__item\">\n\t\t\t<div class=\"faq__question\" data-index=\"0\">\n\t\t\t\t<span class=\"faq__question-text \">En el dormitorio<\/span>\n\t\t\t<\/div>\n\t\t\t<div class=\"faq__answer\">\n\t\t\t\t<ul>\n<li>WI-FI en la habitaci\u00f3n<\/li>\n<li>Seguro<\/li>\n<li>Aire acondicionado\/calefacci\u00f3n individuales<\/li>\n<li>Secador de pelo<\/li>\n<li>TV de pantalla plana<\/li>\n<\/ul>\n\t\t\t<\/div>\n\t\t\t<svg class=\"faq__toggle-icon\" xmlns=\"http:\/\/www.w3.org\/2000\/svg\" width=\"16\" height=\"10\" viewBox=\"0 0 16 10\"\n\t\t\t\tfill=\"none\">\n\t\t\t\t<path d=\"M15 1L8 8L1 0.999999\" stroke=\"#3C3B3A\" stroke-width=\"2\" \/>\n\t\t\t<\/svg>\n\t\t<\/div>\n\t\t\t\t<div class=\"faq__item\">\n\t\t\t<div class=\"faq__question\" data-index=\"1\">\n\t\t\t\t<span class=\"faq__question-text \">A petici\u00f3n<\/span>\n\t\t\t<\/div>\n\t\t\t<div class=\"faq__answer\">\n\t\t\t\t<ul>\n<li>Productos de hosteler\u00eda (gratuitos)<\/li>\n<li>Kit de planchado (gratuito)<\/li>\n<li>Adaptadores (gratuitos)<\/li>\n<li>Agua microfiltrada con o sin gas (gratis)<\/li>\n<li>Cuna (15 \u20ac\/d\u00eda)<\/li>\n<\/ul>\n\t\t\t<\/div>\n\t\t\t<svg class=\"faq__toggle-icon\" xmlns=\"http:\/\/www.w3.org\/2000\/svg\" width=\"16\" height=\"10\" viewBox=\"0 0 16 10\"\n\t\t\t\tfill=\"none\">\n\t\t\t\t<path d=\"M15 1L8 8L1 0.999999\" stroke=\"#3C3B3A\" stroke-width=\"2\" \/>\n\t\t\t<\/svg>\n\t\t<\/div>\n\t\t\t<\/div>\n\t\t<\/section>\n<\/div>\n\n\n\n<p>Todas nuestras habitaciones son para no fumadores, y cualquier infracci\u00f3n supondr\u00e1 una multa de 150 euros.<\/p>\n\n\n\n<\/section>\n\n\t<section\n\t\tstyle=\"padding-top:var(--wp--preset--spacing--theme-default);padding-bottom:var(--wp--preset--spacing--theme-default);\" class=\"block-container align wp-block-acf-block-container has-background has-white-background-color has-global-padding is-layout-constrained wp-block-acf-block-container-is-layout-constrained\"\t>\n\n\t\n\n<div class=\"wp-block-group is-layout-flow wp-block-group-is-layout-flow\">\n<h3 class=\"wp-block-heading has-text-align-left\">Para personas con discapacidad<\/h3>\n\n\n\n<p>Las personas con discapacidad son bienvenidas en el Ph\u00e9nix H\u00f4tel y nuestro personal es sensible a sus necesidades. En cada planta hay un ascensor con capacidad para una silla de ruedas, la recepci\u00f3n est\u00e1 atendida por un mostrador adaptado y se admiten perros gu\u00eda sin cargo adicional. Para pernoctar, hay dos habitaciones especialmente adaptadas para hu\u00e9spedes discapacitados. Disponen de m\u00e1s espacio para acceder a la cama, el cuarto de ba\u00f1o y el aseo.   <\/p>\n<\/div>\n\n\n\n<\/section>\n","protected":false},"excerpt":{"rendered":"","protected":false},"author":1,"featured_media":0,"parent":0,"menu_order":0,"comment_status":"closed","ping_status":"closed","template":"","meta":{"_acf_changed":false,"inline_featured_image":false,"footnotes":""},"class_list":["post-3131","page","type-page","status-publish","hentry"],"acf":[],"yoast_head":"<!-- This site is optimized with the Yoast SEO plugin v27.4 - https:\/\/yoast.com\/product\/yoast-seo-wordpress\/ -->\n<title>Habitaciones Hotel 4 estrellas Vieux Lyon, Saint Jean - Fourvi\u00e8re<\/title>\n<meta name=\"description\" content=\"Habitaciones elegantes y confortables en nuestro hotel de 4 estrellas de Saint Jean, cerca de Fourvi\u00e8re. Una experiencia aut\u00e9ntica en Lyon.\" \/>\n<meta name=\"robots\" content=\"index, follow, max-snippet:-1, max-image-preview:large, max-video-preview:-1\" \/>\n<link rel=\"canonical\" href=\"https:\/\/www.hotel-phenix-lyon.fr\/es\/habitaciones-hotel-4-estrellas-vieux-lyon\/\" \/>\n<meta property=\"og:locale\" content=\"es_ES\" \/>\n<meta property=\"og:type\" content=\"article\" \/>\n<meta property=\"og:title\" content=\"Habitaciones Hotel 4 estrellas Vieux Lyon, Saint Jean - Fourvi\u00e8re\" \/>\n<meta property=\"og:description\" content=\"Habitaciones elegantes y confortables en nuestro hotel de 4 estrellas de Saint Jean, cerca de Fourvi\u00e8re. Una experiencia aut\u00e9ntica en Lyon.\" \/>\n<meta property=\"og:url\" content=\"https:\/\/www.hotel-phenix-lyon.fr\/es\/habitaciones-hotel-4-estrellas-vieux-lyon\/\" \/>\n<meta property=\"og:site_name\" content=\"H\u00f4tel Phenix\" \/>\n<meta property=\"article:modified_time\" content=\"2025-06-13T12:01:07+00:00\" \/>\n<meta property=\"og:image\" content=\"https:\/\/www.hotel-phenix-lyon.fr\/wp-content\/uploads\/sites\/5\/2025\/04\/PLATEAU-300x300.jpg\" \/>\n<meta name=\"twitter:card\" content=\"summary_large_image\" \/>\n<meta name=\"twitter:label1\" content=\"Tiempo de lectura\" \/>\n\t<meta name=\"twitter:data1\" content=\"2 minutos\" \/>\n<script type=\"application\/ld+json\" class=\"yoast-schema-graph\">{\"@context\":\"https:\\\/\\\/schema.org\",\"@graph\":[{\"@type\":\"WebPage\",\"@id\":\"https:\\\/\\\/www.hotel-phenix-lyon.fr\\\/es\\\/habitaciones-hotel-4-estrellas-vieux-lyon\\\/\",\"url\":\"https:\\\/\\\/www.hotel-phenix-lyon.fr\\\/es\\\/habitaciones-hotel-4-estrellas-vieux-lyon\\\/\",\"name\":\"Habitaciones Hotel 4 estrellas Vieux Lyon, Saint Jean - Fourvi\u00e8re\",\"isPartOf\":{\"@id\":\"https:\\\/\\\/www.hotel-phenix-lyon.fr\\\/es\\\/#website\"},\"primaryImageOfPage\":{\"@id\":\"https:\\\/\\\/www.hotel-phenix-lyon.fr\\\/es\\\/habitaciones-hotel-4-estrellas-vieux-lyon\\\/#primaryimage\"},\"image\":{\"@id\":\"https:\\\/\\\/www.hotel-phenix-lyon.fr\\\/es\\\/habitaciones-hotel-4-estrellas-vieux-lyon\\\/#primaryimage\"},\"thumbnailUrl\":\"https:\\\/\\\/www.hotel-phenix-lyon.fr\\\/wp-content\\\/uploads\\\/sites\\\/5\\\/2025\\\/04\\\/PLATEAU-300x300.jpg\",\"datePublished\":\"2025-04-16T15:40:07+00:00\",\"dateModified\":\"2025-06-13T12:01:07+00:00\",\"description\":\"Habitaciones elegantes y confortables en nuestro hotel de 4 estrellas de Saint Jean, cerca de Fourvi\u00e8re. Una experiencia aut\u00e9ntica en Lyon.\",\"breadcrumb\":{\"@id\":\"https:\\\/\\\/www.hotel-phenix-lyon.fr\\\/es\\\/habitaciones-hotel-4-estrellas-vieux-lyon\\\/#breadcrumb\"},\"inLanguage\":\"es\",\"potentialAction\":[{\"@type\":\"ReadAction\",\"target\":[\"https:\\\/\\\/www.hotel-phenix-lyon.fr\\\/es\\\/habitaciones-hotel-4-estrellas-vieux-lyon\\\/\"]}]},{\"@type\":\"ImageObject\",\"inLanguage\":\"es\",\"@id\":\"https:\\\/\\\/www.hotel-phenix-lyon.fr\\\/es\\\/habitaciones-hotel-4-estrellas-vieux-lyon\\\/#primaryimage\",\"url\":\"https:\\\/\\\/www.hotel-phenix-lyon.fr\\\/wp-content\\\/uploads\\\/sites\\\/5\\\/2025\\\/04\\\/PLATEAU-300x300.jpg\",\"contentUrl\":\"https:\\\/\\\/www.hotel-phenix-lyon.fr\\\/wp-content\\\/uploads\\\/sites\\\/5\\\/2025\\\/04\\\/PLATEAU-300x300.jpg\"},{\"@type\":\"BreadcrumbList\",\"@id\":\"https:\\\/\\\/www.hotel-phenix-lyon.fr\\\/es\\\/habitaciones-hotel-4-estrellas-vieux-lyon\\\/#breadcrumb\",\"itemListElement\":[{\"@type\":\"ListItem\",\"position\":1,\"name\":\"Accueil\",\"item\":\"https:\\\/\\\/www.hotel-phenix-lyon.fr\\\/es\\\/inicio\\\/\"},{\"@type\":\"ListItem\",\"position\":2,\"name\":\"Las habitaciones\"}]},{\"@type\":\"WebSite\",\"@id\":\"https:\\\/\\\/www.hotel-phenix-lyon.fr\\\/es\\\/#website\",\"url\":\"https:\\\/\\\/www.hotel-phenix-lyon.fr\\\/es\\\/\",\"name\":\"Globe Cecil\",\"description\":\"\",\"publisher\":{\"@id\":\"https:\\\/\\\/www.hotel-phenix-lyon.fr\\\/es\\\/#organization\"},\"potentialAction\":[{\"@type\":\"SearchAction\",\"target\":{\"@type\":\"EntryPoint\",\"urlTemplate\":\"https:\\\/\\\/www.hotel-phenix-lyon.fr\\\/es\\\/?s={search_term_string}\"},\"query-input\":{\"@type\":\"PropertyValueSpecification\",\"valueRequired\":true,\"valueName\":\"search_term_string\"}}],\"inLanguage\":\"es\"},{\"@type\":\"Organization\",\"@id\":\"https:\\\/\\\/www.hotel-phenix-lyon.fr\\\/es\\\/#organization\",\"name\":\"Globe Cecil\",\"url\":\"https:\\\/\\\/www.hotel-phenix-lyon.fr\\\/es\\\/\",\"logo\":{\"@type\":\"ImageObject\",\"inLanguage\":\"es\",\"@id\":\"https:\\\/\\\/www.hotel-phenix-lyon.fr\\\/es\\\/#\\\/schema\\\/logo\\\/image\\\/\",\"url\":\"https:\\\/\\\/www.hotel-phenix-lyon.fr\\\/wp-content\\\/uploads\\\/sites\\\/5\\\/2025\\\/05\\\/LOGO-Phenix-White.svg\",\"contentUrl\":\"https:\\\/\\\/www.hotel-phenix-lyon.fr\\\/wp-content\\\/uploads\\\/sites\\\/5\\\/2025\\\/05\\\/LOGO-Phenix-White.svg\",\"width\":356,\"height\":66,\"caption\":\"Globe Cecil\"},\"image\":{\"@id\":\"https:\\\/\\\/www.hotel-phenix-lyon.fr\\\/es\\\/#\\\/schema\\\/logo\\\/image\\\/\"}}]}<\/script>\n<!-- \/ Yoast SEO plugin. -->","yoast_head_json":{"title":"Habitaciones Hotel 4 estrellas Vieux Lyon, Saint Jean - Fourvi\u00e8re","description":"Habitaciones elegantes y confortables en nuestro hotel de 4 estrellas de Saint Jean, cerca de Fourvi\u00e8re. Una experiencia aut\u00e9ntica en Lyon.","robots":{"index":"index","follow":"follow","max-snippet":"max-snippet:-1","max-image-preview":"max-image-preview:large","max-video-preview":"max-video-preview:-1"},"canonical":"https:\/\/www.hotel-phenix-lyon.fr\/es\/habitaciones-hotel-4-estrellas-vieux-lyon\/","og_locale":"es_ES","og_type":"article","og_title":"Habitaciones Hotel 4 estrellas Vieux Lyon, Saint Jean - Fourvi\u00e8re","og_description":"Habitaciones elegantes y confortables en nuestro hotel de 4 estrellas de Saint Jean, cerca de Fourvi\u00e8re. Una experiencia aut\u00e9ntica en Lyon.","og_url":"https:\/\/www.hotel-phenix-lyon.fr\/es\/habitaciones-hotel-4-estrellas-vieux-lyon\/","og_site_name":"H\u00f4tel Phenix","article_modified_time":"2025-06-13T12:01:07+00:00","og_image":[{"url":"https:\/\/www.hotel-phenix-lyon.fr\/wp-content\/uploads\/sites\/5\/2025\/04\/PLATEAU-300x300.jpg","type":"","width":"","height":""}],"twitter_card":"summary_large_image","twitter_misc":{"Tiempo de lectura":"2 minutos"},"schema":{"@context":"https:\/\/schema.org","@graph":[{"@type":"WebPage","@id":"https:\/\/www.hotel-phenix-lyon.fr\/es\/habitaciones-hotel-4-estrellas-vieux-lyon\/","url":"https:\/\/www.hotel-phenix-lyon.fr\/es\/habitaciones-hotel-4-estrellas-vieux-lyon\/","name":"Habitaciones Hotel 4 estrellas Vieux Lyon, Saint Jean - Fourvi\u00e8re","isPartOf":{"@id":"https:\/\/www.hotel-phenix-lyon.fr\/es\/#website"},"primaryImageOfPage":{"@id":"https:\/\/www.hotel-phenix-lyon.fr\/es\/habitaciones-hotel-4-estrellas-vieux-lyon\/#primaryimage"},"image":{"@id":"https:\/\/www.hotel-phenix-lyon.fr\/es\/habitaciones-hotel-4-estrellas-vieux-lyon\/#primaryimage"},"thumbnailUrl":"https:\/\/www.hotel-phenix-lyon.fr\/wp-content\/uploads\/sites\/5\/2025\/04\/PLATEAU-300x300.jpg","datePublished":"2025-04-16T15:40:07+00:00","dateModified":"2025-06-13T12:01:07+00:00","description":"Habitaciones elegantes y confortables en nuestro hotel de 4 estrellas de Saint Jean, cerca de Fourvi\u00e8re. Una experiencia aut\u00e9ntica en Lyon.","breadcrumb":{"@id":"https:\/\/www.hotel-phenix-lyon.fr\/es\/habitaciones-hotel-4-estrellas-vieux-lyon\/#breadcrumb"},"inLanguage":"es","potentialAction":[{"@type":"ReadAction","target":["https:\/\/www.hotel-phenix-lyon.fr\/es\/habitaciones-hotel-4-estrellas-vieux-lyon\/"]}]},{"@type":"ImageObject","inLanguage":"es","@id":"https:\/\/www.hotel-phenix-lyon.fr\/es\/habitaciones-hotel-4-estrellas-vieux-lyon\/#primaryimage","url":"https:\/\/www.hotel-phenix-lyon.fr\/wp-content\/uploads\/sites\/5\/2025\/04\/PLATEAU-300x300.jpg","contentUrl":"https:\/\/www.hotel-phenix-lyon.fr\/wp-content\/uploads\/sites\/5\/2025\/04\/PLATEAU-300x300.jpg"},{"@type":"BreadcrumbList","@id":"https:\/\/www.hotel-phenix-lyon.fr\/es\/habitaciones-hotel-4-estrellas-vieux-lyon\/#breadcrumb","itemListElement":[{"@type":"ListItem","position":1,"name":"Accueil","item":"https:\/\/www.hotel-phenix-lyon.fr\/es\/inicio\/"},{"@type":"ListItem","position":2,"name":"Las habitaciones"}]},{"@type":"WebSite","@id":"https:\/\/www.hotel-phenix-lyon.fr\/es\/#website","url":"https:\/\/www.hotel-phenix-lyon.fr\/es\/","name":"Globe Cecil","description":"","publisher":{"@id":"https:\/\/www.hotel-phenix-lyon.fr\/es\/#organization"},"potentialAction":[{"@type":"SearchAction","target":{"@type":"EntryPoint","urlTemplate":"https:\/\/www.hotel-phenix-lyon.fr\/es\/?s={search_term_string}"},"query-input":{"@type":"PropertyValueSpecification","valueRequired":true,"valueName":"search_term_string"}}],"inLanguage":"es"},{"@type":"Organization","@id":"https:\/\/www.hotel-phenix-lyon.fr\/es\/#organization","name":"Globe Cecil","url":"https:\/\/www.hotel-phenix-lyon.fr\/es\/","logo":{"@type":"ImageObject","inLanguage":"es","@id":"https:\/\/www.hotel-phenix-lyon.fr\/es\/#\/schema\/logo\/image\/","url":"https:\/\/www.hotel-phenix-lyon.fr\/wp-content\/uploads\/sites\/5\/2025\/05\/LOGO-Phenix-White.svg","contentUrl":"https:\/\/www.hotel-phenix-lyon.fr\/wp-content\/uploads\/sites\/5\/2025\/05\/LOGO-Phenix-White.svg","width":356,"height":66,"caption":"Globe Cecil"},"image":{"@id":"https:\/\/www.hotel-phenix-lyon.fr\/es\/#\/schema\/logo\/image\/"}}]}},"_links":{"self":[{"href":"https:\/\/www.hotel-phenix-lyon.fr\/es\/wp-json\/wp\/v2\/pages\/3131","targetHints":{"allow":["GET"]}}],"collection":[{"href":"https:\/\/www.hotel-phenix-lyon.fr\/es\/wp-json\/wp\/v2\/pages"}],"about":[{"href":"https:\/\/www.hotel-phenix-lyon.fr\/es\/wp-json\/wp\/v2\/types\/page"}],"author":[{"embeddable":true,"href":"https:\/\/www.hotel-phenix-lyon.fr\/es\/wp-json\/wp\/v2\/users\/1"}],"replies":[{"embeddable":true,"href":"https:\/\/www.hotel-phenix-lyon.fr\/es\/wp-json\/wp\/v2\/comments?post=3131"}],"version-history":[{"count":6,"href":"https:\/\/www.hotel-phenix-lyon.fr\/es\/wp-json\/wp\/v2\/pages\/3131\/revisions"}],"predecessor-version":[{"id":7471,"href":"https:\/\/www.hotel-phenix-lyon.fr\/es\/wp-json\/wp\/v2\/pages\/3131\/revisions\/7471"}],"wp:attachment":[{"href":"https:\/\/www.hotel-phenix-lyon.fr\/es\/wp-json\/wp\/v2\/media?parent=3131"}],"curies":[{"name":"wp","href":"https:\/\/api.w.org\/{rel}","templated":true}]}}